{"id":948,"date":"2021-06-09T10:30:10","date_gmt":"2021-06-09T08:30:10","guid":{"rendered":"http:\/\/pro.citemomes.fr\/?page_id=948"},"modified":"2021-11-04T12:17:20","modified_gmt":"2021-11-04T11:17:20","slug":"atelier-minute","status":"publish","type":"page","link":"https:\/\/pro.citemomes.fr\/index.php\/atelier-minute\/","title":{"rendered":""},"content":{"rendered":"\t\t<div data-elementor-type=\"wp-page\" data-elementor-id=\"948\" class=\"elementor elementor-948\">\n\t\t\t\t\t\t<section class=\"elementor-section elementor-top-section elementor-element elementor-element-fd16657 elementor-section-boxed elementor-section-height-default elementor-section-height-default\" data-id=\"fd16657\" data-element_type=\"section\">\n\t\t\t\t\t\t<div class=\"elementor-container elementor-column-gap-default\">\n\t\t\t\t\t<div class=\"elementor-column elementor-col-100 elementor-top-column elementor-element elementor-element-546ee15\" data-id=\"546ee15\" data-element_type=\"column\">\n\t\t\t<div class=\"elementor-widget-wrap elementor-element-populated\">\n\t\t\t\t\t\t<div class=\"elementor-element elementor-element-0328375 elementor-widget elementor-widget-text-editor\" data-id=\"0328375\" data-element_type=\"widget\" data-widget_type=\"text-editor.default\">\n\t\t\t\t<div class=\"elementor-widget-container\">\n\t\t\t\t\t\t\t<p style=\"text-align: center;\"><span style=\"color: #000000;\"><strong>Vous recherchez une animation simple mais originale et efficace pour l\u2019un de vos \u00e9v\u00e8nements ?<\/strong> <\/span><\/p><p>\u00a0<\/p><p style=\"text-align: center;\"><span style=\"color: #000000;\">\u00c0 partir d\u2019un th\u00e8me pr\u00e9cis que vous aurez pr\u00e9alablement choisi ou un th\u00e8me sugg\u00e9r\u00e9 par nos soins, nous vous proposons nos ateliers-minute ! <\/span><span style=\"color: #000000;\">Des ateliers cr\u00e9atifs avec la touche <em><strong>Cit\u00e9m\u00f4mes<\/strong><\/em>, qui raviront petits et grands autour d\u2019un moment convivial de cr\u00e9ation. <\/span><\/p><p style=\"text-align: center;\"><span style=\"color: #000000;\">Et oui, en seulement quelques minutes, avec une recette simple et quelques ingr\u00e9dients magiques, on peut faire de vraies merveilles ! <\/span><\/p><p style=\"text-align: center;\"><span style=\"color: #000000;\">\u00a0<\/span><\/p><p><span style=\"color: #008080;\"><strong>Les avantages de l\u2019atelier-minute : <\/strong><\/span><\/p><ul><li><span style=\"color: #000000;\">Pas d\u2019inscriptions,<\/span><\/li><li><span style=\"color: #000000;\">Plus de personnes peuvent participer,<\/span><\/li><li><span style=\"color: #000000;\">Peu de contraintes !<\/span><\/li><\/ul><div><span style=\"color: #000000;\">\u00a0<\/span><\/div><p style=\"text-align: center;\"><span style=\"color: #000000;\"><strong>Tarifs\u00a0:<\/strong><\/span><\/p><p style=\"text-align: center;\"><span style=\"color: #008080;\"><a style=\"color: #008080;\" href=\"http:\/\/pro.citemomes.fr\/index.php\/contact\/\"><strong>Devis disponible sur demande par t\u00e9l\u00e9phone ou par mail.<\/strong><\/a><\/span><\/p>\t\t\t\t\t\t<\/div>\n\t\t\t\t<\/div>\n\t\t\t\t\t<\/div>\n\t\t<\/div>\n\t\t\t\t\t<\/div>\n\t\t<\/section>\n\t\t\t\t<\/div>\n\t\t","protected":false},"excerpt":{"rendered":"<p>Vous recherchez une animation simple mais originale et efficace pour l\u2019un de vos \u00e9v\u00e8nements ? \u00c0 partir d\u2019un th\u00e8me pr\u00e9cis que vous aurez pr\u00e9alablement choisi ou un th\u00e8me sugg\u00e9r\u00e9 par nos soins, nous vous proposons nos ateliers-minute ! Des ateliers cr\u00e9atifs avec la touche Cit\u00e9m\u00f4mes, qui raviront petits et grands autour d\u2019un moment convivial de&hellip; <a href=\"https:\/\/pro.citemomes.fr\/index.php\/atelier-minute\/\" class=\"more-link\">Lire la suite <span class=\"screen-reader-text\"><\/span><\/a><\/p>\n","protected":false},"author":1,"featured_media":0,"parent":0,"menu_order":0,"comment_status":"closed","ping_status":"closed","template":"templates\/full-width-page.php","meta":[],"yoast_head":"<!-- This site is optimized with the Yoast SEO plugin v21.1 - https:\/\/yoast.com\/wordpress\/plugins\/seo\/ -->\n<title>- Cit\u00e9m\u00f4mes<\/title>\n<meta name=\"description\" content=\"Des ateliers cr\u00e9atifs avec la touche Cit\u00e9m\u00f4mes, qui raviront petits et grands autour d\u2019un moment convivial de cr\u00e9ation. En seulement quelques minutes, avec une recette simple et quelques ingr\u00e9dients magiques, on peut faire de vraies merveilles !\" \/>\n<meta name=\"robots\" content=\"index, follow, max-snippet:-1, max-image-preview:large, max-video-preview:-1\" \/>\n<link rel=\"canonical\" href=\"https:\/\/pro.citemomes.fr\/index.php\/atelier-minute\/\" \/>\n<meta property=\"og:locale\" content=\"fr_FR\" \/>\n<meta property=\"og:type\" content=\"article\" \/>\n<meta property=\"og:title\" content=\"- Cit\u00e9m\u00f4mes\" \/>\n<meta property=\"og:description\" content=\"Des ateliers cr\u00e9atifs avec la touche Cit\u00e9m\u00f4mes, qui raviront petits et grands autour d\u2019un moment convivial de cr\u00e9ation. En seulement quelques minutes, avec une recette simple et quelques ingr\u00e9dients magiques, on peut faire de vraies merveilles !\" \/>\n<meta property=\"og:url\" content=\"https:\/\/pro.citemomes.fr\/index.php\/atelier-minute\/\" \/>\n<meta property=\"og:site_name\" content=\"Cit\u00e9m\u00f4mes\" \/>\n<meta property=\"article:modified_time\" content=\"2021-11-04T11:17:20+00:00\" \/>\n<meta name=\"twitter:card\" content=\"summary_large_image\" \/>\n<meta name=\"twitter:label1\" content=\"Dur\u00e9e de lecture estim\u00e9e\" \/>\n\t<meta name=\"twitter:data1\" content=\"1 minute\" \/>\n<script type=\"application\/ld+json\" class=\"yoast-schema-graph\">{\"@context\":\"https:\/\/schema.org\",\"@graph\":[{\"@type\":\"WebPage\",\"@id\":\"https:\/\/pro.citemomes.fr\/index.php\/atelier-minute\/\",\"url\":\"https:\/\/pro.citemomes.fr\/index.php\/atelier-minute\/\",\"name\":\"- Cit\u00e9m\u00f4mes\",\"isPartOf\":{\"@id\":\"https:\/\/pro.citemomes.fr\/#website\"},\"datePublished\":\"2021-06-09T08:30:10+00:00\",\"dateModified\":\"2021-11-04T11:17:20+00:00\",\"description\":\"Des ateliers cr\u00e9atifs avec la touche Cit\u00e9m\u00f4mes, qui raviront petits et grands autour d\u2019un moment convivial de cr\u00e9ation. En seulement quelques minutes, avec une recette simple et quelques ingr\u00e9dients magiques, on peut faire de vraies merveilles !\",\"inLanguage\":\"fr-FR\",\"potentialAction\":[{\"@type\":\"ReadAction\",\"target\":[\"https:\/\/pro.citemomes.fr\/index.php\/atelier-minute\/\"]}]},{\"@type\":\"WebSite\",\"@id\":\"https:\/\/pro.citemomes.fr\/#website\",\"url\":\"https:\/\/pro.citemomes.fr\/\",\"name\":\"Cit\u00e9m\u00f4mes\",\"description\":\"D\u00e9couvrir, cr\u00e9er, r\u00eaver\",\"publisher\":{\"@id\":\"https:\/\/pro.citemomes.fr\/#organization\"},\"potentialAction\":[{\"@type\":\"SearchAction\",\"target\":{\"@type\":\"EntryPoint\",\"urlTemplate\":\"https:\/\/pro.citemomes.fr\/?s={search_term_string}\"},\"query-input\":\"required name=search_term_string\"}],\"inLanguage\":\"fr-FR\"},{\"@type\":\"Organization\",\"@id\":\"https:\/\/pro.citemomes.fr\/#organization\",\"name\":\"Cit\u00e9m\u00f4mes\",\"url\":\"https:\/\/pro.citemomes.fr\/\",\"logo\":{\"@type\":\"ImageObject\",\"inLanguage\":\"fr-FR\",\"@id\":\"https:\/\/pro.citemomes.fr\/#\/schema\/logo\/image\/\",\"url\":\"https:\/\/pro.citemomes.fr\/wp-content\/uploads\/2021\/03\/cropped-Baniere-haut-definition-1.png\",\"contentUrl\":\"https:\/\/pro.citemomes.fr\/wp-content\/uploads\/2021\/03\/cropped-Baniere-haut-definition-1.png\",\"width\":518,\"height\":286,\"caption\":\"Cit\u00e9m\u00f4mes\"},\"image\":{\"@id\":\"https:\/\/pro.citemomes.fr\/#\/schema\/logo\/image\/\"}}]}<\/script>\n<!-- \/ Yoast SEO plugin. -->","yoast_head_json":{"title":"- Cit\u00e9m\u00f4mes","description":"Des ateliers cr\u00e9atifs avec la touche Cit\u00e9m\u00f4mes, qui raviront petits et grands autour d\u2019un moment convivial de cr\u00e9ation. En seulement quelques minutes, avec une recette simple et quelques ingr\u00e9dients magiques, on peut faire de vraies merveilles !","robots":{"index":"index","follow":"follow","max-snippet":"max-snippet:-1","max-image-preview":"max-image-preview:large","max-video-preview":"max-video-preview:-1"},"canonical":"https:\/\/pro.citemomes.fr\/index.php\/atelier-minute\/","og_locale":"fr_FR","og_type":"article","og_title":"- Cit\u00e9m\u00f4mes","og_description":"Des ateliers cr\u00e9atifs avec la touche Cit\u00e9m\u00f4mes, qui raviront petits et grands autour d\u2019un moment convivial de cr\u00e9ation. En seulement quelques minutes, avec une recette simple et quelques ingr\u00e9dients magiques, on peut faire de vraies merveilles !","og_url":"https:\/\/pro.citemomes.fr\/index.php\/atelier-minute\/","og_site_name":"Cit\u00e9m\u00f4mes","article_modified_time":"2021-11-04T11:17:20+00:00","twitter_card":"summary_large_image","twitter_misc":{"Dur\u00e9e de lecture estim\u00e9e":"1 minute"},"schema":{"@context":"https:\/\/schema.org","@graph":[{"@type":"WebPage","@id":"https:\/\/pro.citemomes.fr\/index.php\/atelier-minute\/","url":"https:\/\/pro.citemomes.fr\/index.php\/atelier-minute\/","name":"- Cit\u00e9m\u00f4mes","isPartOf":{"@id":"https:\/\/pro.citemomes.fr\/#website"},"datePublished":"2021-06-09T08:30:10+00:00","dateModified":"2021-11-04T11:17:20+00:00","description":"Des ateliers cr\u00e9atifs avec la touche Cit\u00e9m\u00f4mes, qui raviront petits et grands autour d\u2019un moment convivial de cr\u00e9ation. En seulement quelques minutes, avec une recette simple et quelques ingr\u00e9dients magiques, on peut faire de vraies merveilles !","inLanguage":"fr-FR","potentialAction":[{"@type":"ReadAction","target":["https:\/\/pro.citemomes.fr\/index.php\/atelier-minute\/"]}]},{"@type":"WebSite","@id":"https:\/\/pro.citemomes.fr\/#website","url":"https:\/\/pro.citemomes.fr\/","name":"Cit\u00e9m\u00f4mes","description":"D\u00e9couvrir, cr\u00e9er, r\u00eaver","publisher":{"@id":"https:\/\/pro.citemomes.fr\/#organization"},"potentialAction":[{"@type":"SearchAction","target":{"@type":"EntryPoint","urlTemplate":"https:\/\/pro.citemomes.fr\/?s={search_term_string}"},"query-input":"required name=search_term_string"}],"inLanguage":"fr-FR"},{"@type":"Organization","@id":"https:\/\/pro.citemomes.fr\/#organization","name":"Cit\u00e9m\u00f4mes","url":"https:\/\/pro.citemomes.fr\/","logo":{"@type":"ImageObject","inLanguage":"fr-FR","@id":"https:\/\/pro.citemomes.fr\/#\/schema\/logo\/image\/","url":"https:\/\/pro.citemomes.fr\/wp-content\/uploads\/2021\/03\/cropped-Baniere-haut-definition-1.png","contentUrl":"https:\/\/pro.citemomes.fr\/wp-content\/uploads\/2021\/03\/cropped-Baniere-haut-definition-1.png","width":518,"height":286,"caption":"Cit\u00e9m\u00f4mes"},"image":{"@id":"https:\/\/pro.citemomes.fr\/#\/schema\/logo\/image\/"}}]}},"_links":{"self":[{"href":"https:\/\/pro.citemomes.fr\/index.php\/wp-json\/wp\/v2\/pages\/948"}],"collection":[{"href":"https:\/\/pro.citemomes.fr\/index.php\/wp-json\/wp\/v2\/pages"}],"about":[{"href":"https:\/\/pro.citemomes.fr\/index.php\/wp-json\/wp\/v2\/types\/page"}],"author":[{"embeddable":true,"href":"https:\/\/pro.citemomes.fr\/index.php\/wp-json\/wp\/v2\/users\/1"}],"replies":[{"embeddable":true,"href":"https:\/\/pro.citemomes.fr\/index.php\/wp-json\/wp\/v2\/comments?post=948"}],"version-history":[{"count":10,"href":"https:\/\/pro.citemomes.fr\/index.php\/wp-json\/wp\/v2\/pages\/948\/revisions"}],"predecessor-version":[{"id":1968,"href":"https:\/\/pro.citemomes.fr\/index.php\/wp-json\/wp\/v2\/pages\/948\/revisions\/1968"}],"wp:attachment":[{"href":"https:\/\/pro.citemomes.fr\/index.php\/wp-json\/wp\/v2\/media?parent=948"}],"curies":[{"name":"wp","href":"https:\/\/api.w.org\/{rel}","templated":true}]}}