{"id":573,"date":"2021-04-21T12:56:36","date_gmt":"2021-04-21T10:56:36","guid":{"rendered":"http:\/\/pro.citemomes.fr\/?page_id=573"},"modified":"2022-09-07T12:55:44","modified_gmt":"2022-09-07T10:55:44","slug":"outils-et-despaces-de-mediation","status":"publish","type":"page","link":"https:\/\/pro.citemomes.fr\/index.php\/outils-et-despaces-de-mediation\/","title":{"rendered":"Outils et d\u2019espaces de m\u00e9diation"},"content":{"rendered":"\t\t<div data-elementor-type=\"wp-page\" data-elementor-id=\"573\" class=\"elementor elementor-573\">\n\t\t\t\t\t\t<section class=\"elementor-section elementor-top-section elementor-element elementor-element-c43fa6c elementor-section-boxed elementor-section-height-default elementor-section-height-default\" data-id=\"c43fa6c\" data-element_type=\"section\">\n\t\t\t\t\t\t<div class=\"elementor-container elementor-column-gap-default\">\n\t\t\t\t\t<div class=\"elementor-column elementor-col-100 elementor-top-column elementor-element elementor-element-c525b30\" data-id=\"c525b30\" data-element_type=\"column\">\n\t\t\t<div class=\"elementor-widget-wrap elementor-element-populated\">\n\t\t\t\t\t\t<div class=\"elementor-element elementor-element-ee50280 elementor-widget elementor-widget-text-editor\" data-id=\"ee50280\" data-element_type=\"widget\" data-widget_type=\"text-editor.default\">\n\t\t\t\t<div class=\"elementor-widget-container\">\n\t\t\t\t\t\t\t<p style=\"text-align: center;\"><strong>Quelle que soit la nature de votre projet, <i>Cit\u00e9m\u00f4mes<\/i> vous accompagne dans la cr\u00e9ation d\u2019outils et d\u2019espaces de m\u00e9diation adapt\u00e9s aux besoins de votre structure.<\/strong><\/p>\t\t\t\t\t\t<\/div>\n\t\t\t\t<\/div>\n\t\t\t\t<div class=\"elementor-element elementor-element-b6f11b3 elementor-widget elementor-widget-text-editor\" data-id=\"b6f11b3\" data-element_type=\"widget\" data-widget_type=\"text-editor.default\">\n\t\t\t\t<div class=\"elementor-widget-container\">\n\t\t\t\t\t\t\t<p style=\"text-align: center;\">Forts d\u2019une riche <strong>exp\u00e9rience<\/strong> ayant particip\u00e9 \u00e0 renforcer notre <strong>expertise<\/strong>, nous concevons et r\u00e9alisons de v\u00e9ritables \u00ab <strong>exp\u00e9riences \u00e0 vivre<\/strong> \u00bb et \u00e0 <strong>partager<\/strong> au travers d\u2019outils ludiques et p\u00e9dagogiques, d\u00e9di\u00e9s \u00e0 la d\u00e9couverte et \u00e0 la connaissance.<\/p>\t\t\t\t\t\t<\/div>\n\t\t\t\t<\/div>\n\t\t\t\t\t<\/div>\n\t\t<\/div>\n\t\t\t\t\t<\/div>\n\t\t<\/section>\n\t\t\t\t<section class=\"elementor-section elementor-top-section elementor-element elementor-element-7781fb0 elementor-section-boxed elementor-section-height-default elementor-section-height-default\" data-id=\"7781fb0\" data-element_type=\"section\">\n\t\t\t\t\t\t<div class=\"elementor-container elementor-column-gap-default\">\n\t\t\t\t\t<div class=\"elementor-column elementor-col-100 elementor-top-column elementor-element elementor-element-fe567ca\" data-id=\"fe567ca\" data-element_type=\"column\">\n\t\t\t<div class=\"elementor-widget-wrap elementor-element-populated\">\n\t\t\t\t\t\t<div class=\"elementor-element elementor-element-0ae116f elementor-widget elementor-widget-text-editor\" data-id=\"0ae116f\" data-element_type=\"widget\" data-widget_type=\"text-editor.default\">\n\t\t\t\t<div class=\"elementor-widget-container\">\n\t\t\t\t\t\t\t<h6 style=\"font-size: 20px;\"><span style=\"color: #008080;\">Nos objectifs ?<\/span><\/h6>\t\t\t\t\t\t<\/div>\n\t\t\t\t<\/div>\n\t\t\t\t<div class=\"elementor-element elementor-element-bb38559 elementor-widget elementor-widget-text-editor\" data-id=\"bb38559\" data-element_type=\"widget\" data-widget_type=\"text-editor.default\">\n\t\t\t\t<div class=\"elementor-widget-container\">\n\t\t\t\t\t\t\t<ul><li style=\"list-style-type: none;\"><ul><li style=\"list-style-type: none;\"><ul><li aria-level=\"1\"><span style=\"color: #008080;\"><b>Privil\u00e9gier<\/b><\/span> l\u2019\u00e9quipe et le collectif \u00e0 travers des projets collaboratifs,<\/li><li aria-level=\"1\"><span style=\"color: #008080;\"><b>Valoriser<\/b><\/span> les innovations sociales et environnementales,\u00a0<\/li><li aria-level=\"1\"><span style=\"color: #008080;\"><b>Apporter<\/b><\/span> des solutions simples, concr\u00e8tes, efficaces, le tout avec un budget ma\u00eetris\u00e9.<\/li><\/ul><\/li><\/ul><\/li><\/ul>\t\t\t\t\t\t<\/div>\n\t\t\t\t<\/div>\n\t\t\t\t<div class=\"elementor-element elementor-element-23a9f6f elementor-widget elementor-widget-text-editor\" data-id=\"23a9f6f\" data-element_type=\"widget\" data-widget_type=\"text-editor.default\">\n\t\t\t\t<div class=\"elementor-widget-container\">\n\t\t\t\t\t\t\t<h6 style=\"font-size: 20px;\"><span style=\"color: #008080;\">\u00a0<b>Quelques exemples de cr\u00e9ation d\u2019outils et espaces de m\u00e9diation<\/b><b> :<\/b> <br \/><\/span><\/h6>\t\t\t\t\t\t<\/div>\n\t\t\t\t<\/div>\n\t\t\t\t<div class=\"elementor-element elementor-element-31e4f99 elementor-widget elementor-widget-text-editor\" data-id=\"31e4f99\" data-element_type=\"widget\" data-widget_type=\"text-editor.default\">\n\t\t\t\t<div class=\"elementor-widget-container\">\n\t\t\t\t\t\t\t<ul><li style=\"list-style-type: none;\"><ul><li style=\"list-style-type: none;\"><ul><li aria-level=\"1\"><i>Mise en place d\u2019un parcours \u00ab Jeune public \u00bb<\/i> au mus\u00e9e de l\u2019Horlogerie de Saint Nicolas d\u2019Aliermont et d\u2019un espace b\u00e9b\u00e9-familles (2016)<\/li><li aria-level=\"1\"><i>R\u00e9alisation de l\u2019espace enfant dit \u00ab cabane \u00bb <\/i>au MUNAE (Mus\u00e9e national de l\u2019\u00e9ducation) \u00e0 Rouen dans le cadre de l\u2019exposition \u00ab Sport(s) : Histoire(s) d\u2019\u00eatre(s) ensemble (2016)<\/li><li aria-level=\"1\"><i>Cr\u00e9ation de la \u201cMalle Vagabonde\u201d<\/i> avec le R\u00e9seau des Grands Sites de France, un outil de concertation et sensibilisation aux enjeux du paysage (2018)<\/li><\/ul><\/li><\/ul><\/li><\/ul>\t\t\t\t\t\t<\/div>\n\t\t\t\t<\/div>\n\t\t\t\t\t<\/div>\n\t\t<\/div>\n\t\t\t\t\t<\/div>\n\t\t<\/section>\n\t\t\t\t<section class=\"elementor-section elementor-top-section elementor-element elementor-element-2dd556e elementor-section-boxed elementor-section-height-default elementor-section-height-default\" data-id=\"2dd556e\" data-element_type=\"section\">\n\t\t\t\t\t\t<div class=\"elementor-container elementor-column-gap-default\">\n\t\t\t\t\t<div class=\"elementor-column elementor-col-100 elementor-top-column elementor-element elementor-element-1437dd8\" data-id=\"1437dd8\" data-element_type=\"column\">\n\t\t\t<div class=\"elementor-widget-wrap elementor-element-populated\">\n\t\t\t\t\t\t<div class=\"elementor-element elementor-element-7f3ae09 elementor-widget elementor-widget-text-editor\" data-id=\"7f3ae09\" data-element_type=\"widget\" data-widget_type=\"text-editor.default\">\n\t\t\t\t<div class=\"elementor-widget-container\">\n\t\t\t\t\t\t\t<p style=\"text-align: center;\"><strong>Nous sommes \u00e0 votre disposition pour \u00e9changer au sujet de votre projet !<\/strong>\t\t\t\t\t\t<\/div>\n\t\t\t\t<\/div>\n\t\t\t\t\t<\/div>\n\t\t<\/div>\n\t\t\t\t\t<\/div>\n\t\t<\/section>\n\t\t\t\t<section class=\"elementor-section elementor-top-section elementor-element elementor-element-9ca40ee elementor-section-boxed elementor-section-height-default elementor-section-height-default\" data-id=\"9ca40ee\" data-element_type=\"section\">\n\t\t\t\t\t\t<div class=\"elementor-container elementor-column-gap-default\">\n\t\t\t\t\t<div class=\"elementor-column elementor-col-100 elementor-top-column elementor-element elementor-element-c7c97d0\" data-id=\"c7c97d0\" data-element_type=\"column\">\n\t\t\t<div class=\"elementor-widget-wrap elementor-element-populated\">\n\t\t\t\t\t\t<div class=\"elementor-element elementor-element-a3f2019 elementor-widget elementor-widget-text-editor\" data-id=\"a3f2019\" data-element_type=\"widget\" data-widget_type=\"text-editor.default\">\n\t\t\t\t<div class=\"elementor-widget-container\">\n\t\t\t\t\t\t\t<p style=\"text-align: center;\"><span style=\"color: #000000;\"><strong>\ud83d\udc8c N\u2019h\u00e9sitez pas \u00e0 nous contacter&nbsp;!<\/strong><\/span><\/p>\t\t\t\t\t\t<\/div>\n\t\t\t\t<\/div>\n\t\t\t\t\t<\/div>\n\t\t<\/div>\n\t\t\t\t\t<\/div>\n\t\t<\/section>\n\t\t\t\t<\/div>\n\t\t","protected":false},"excerpt":{"rendered":"<p>Quelle que soit la nature de votre projet, Cit\u00e9m\u00f4mes vous accompagne dans la cr\u00e9ation d\u2019outils et d\u2019espaces de m\u00e9diation adapt\u00e9s aux besoins de votre structure. Forts d\u2019une riche exp\u00e9rience ayant particip\u00e9 \u00e0 renforcer notre expertise, nous concevons et r\u00e9alisons de v\u00e9ritables \u00ab exp\u00e9riences \u00e0 vivre \u00bb et \u00e0 partager au travers d\u2019outils ludiques et p\u00e9dagogiques,&hellip; <a href=\"https:\/\/pro.citemomes.fr\/index.php\/outils-et-despaces-de-mediation\/\" class=\"more-link\">Lire la suite <span class=\"screen-reader-text\">Outils et d\u2019espaces de m\u00e9diation<\/span><\/a><\/p>\n","protected":false},"author":1,"featured_media":0,"parent":0,"menu_order":0,"comment_status":"closed","ping_status":"closed","template":"elementor_header_footer","meta":[],"yoast_head":"<!-- This site is optimized with the Yoast SEO plugin v21.1 - https:\/\/yoast.com\/wordpress\/plugins\/seo\/ -->\n<title>Outils et d\u2019espaces de m\u00e9diation - Cit\u00e9m\u00f4mes<\/title>\n<meta name=\"robots\" content=\"index, follow, max-snippet:-1, max-image-preview:large, max-video-preview:-1\" \/>\n<link rel=\"canonical\" href=\"https:\/\/pro.citemomes.fr\/index.php\/outils-et-despaces-de-mediation\/\" \/>\n<meta property=\"og:locale\" content=\"fr_FR\" \/>\n<meta property=\"og:type\" content=\"article\" \/>\n<meta property=\"og:title\" content=\"Outils et d\u2019espaces de m\u00e9diation - Cit\u00e9m\u00f4mes\" \/>\n<meta property=\"og:description\" content=\"Quelle que soit la nature de votre projet, Cit\u00e9m\u00f4mes vous accompagne dans la cr\u00e9ation d\u2019outils et d\u2019espaces de m\u00e9diation adapt\u00e9s aux besoins de votre structure. Forts d\u2019une riche exp\u00e9rience ayant particip\u00e9 \u00e0 renforcer notre expertise, nous concevons et r\u00e9alisons de v\u00e9ritables \u00ab exp\u00e9riences \u00e0 vivre \u00bb et \u00e0 partager au travers d\u2019outils ludiques et p\u00e9dagogiques,&hellip; Lire la suite Outils et d\u2019espaces de m\u00e9diation\" \/>\n<meta property=\"og:url\" content=\"https:\/\/pro.citemomes.fr\/index.php\/outils-et-despaces-de-mediation\/\" \/>\n<meta property=\"og:site_name\" content=\"Cit\u00e9m\u00f4mes\" \/>\n<meta property=\"article:modified_time\" content=\"2022-09-07T10:55:44+00:00\" \/>\n<meta name=\"twitter:card\" content=\"summary_large_image\" \/>\n<meta name=\"twitter:label1\" content=\"Dur\u00e9e de lecture estim\u00e9e\" \/>\n\t<meta name=\"twitter:data1\" content=\"1 minute\" \/>\n<script type=\"application\/ld+json\" class=\"yoast-schema-graph\">{\"@context\":\"https:\/\/schema.org\",\"@graph\":[{\"@type\":\"WebPage\",\"@id\":\"https:\/\/pro.citemomes.fr\/index.php\/outils-et-despaces-de-mediation\/\",\"url\":\"https:\/\/pro.citemomes.fr\/index.php\/outils-et-despaces-de-mediation\/\",\"name\":\"Outils et d\u2019espaces de m\u00e9diation - Cit\u00e9m\u00f4mes\",\"isPartOf\":{\"@id\":\"https:\/\/pro.citemomes.fr\/#website\"},\"datePublished\":\"2021-04-21T10:56:36+00:00\",\"dateModified\":\"2022-09-07T10:55:44+00:00\",\"breadcrumb\":{\"@id\":\"https:\/\/pro.citemomes.fr\/index.php\/outils-et-despaces-de-mediation\/#breadcrumb\"},\"inLanguage\":\"fr-FR\",\"potentialAction\":[{\"@type\":\"ReadAction\",\"target\":[\"https:\/\/pro.citemomes.fr\/index.php\/outils-et-despaces-de-mediation\/\"]}]},{\"@type\":\"BreadcrumbList\",\"@id\":\"https:\/\/pro.citemomes.fr\/index.php\/outils-et-despaces-de-mediation\/#breadcrumb\",\"itemListElement\":[{\"@type\":\"ListItem\",\"position\":1,\"name\":\"Accueil\",\"item\":\"https:\/\/pro.citemomes.fr\/\"},{\"@type\":\"ListItem\",\"position\":2,\"name\":\"Outils et d\u2019espaces de m\u00e9diation\"}]},{\"@type\":\"WebSite\",\"@id\":\"https:\/\/pro.citemomes.fr\/#website\",\"url\":\"https:\/\/pro.citemomes.fr\/\",\"name\":\"Cit\u00e9m\u00f4mes\",\"description\":\"D\u00e9couvrir, cr\u00e9er, r\u00eaver\",\"publisher\":{\"@id\":\"https:\/\/pro.citemomes.fr\/#organization\"},\"potentialAction\":[{\"@type\":\"SearchAction\",\"target\":{\"@type\":\"EntryPoint\",\"urlTemplate\":\"https:\/\/pro.citemomes.fr\/?s={search_term_string}\"},\"query-input\":\"required name=search_term_string\"}],\"inLanguage\":\"fr-FR\"},{\"@type\":\"Organization\",\"@id\":\"https:\/\/pro.citemomes.fr\/#organization\",\"name\":\"Cit\u00e9m\u00f4mes\",\"url\":\"https:\/\/pro.citemomes.fr\/\",\"logo\":{\"@type\":\"ImageObject\",\"inLanguage\":\"fr-FR\",\"@id\":\"https:\/\/pro.citemomes.fr\/#\/schema\/logo\/image\/\",\"url\":\"https:\/\/pro.citemomes.fr\/wp-content\/uploads\/2021\/03\/cropped-Baniere-haut-definition-1.png\",\"contentUrl\":\"https:\/\/pro.citemomes.fr\/wp-content\/uploads\/2021\/03\/cropped-Baniere-haut-definition-1.png\",\"width\":518,\"height\":286,\"caption\":\"Cit\u00e9m\u00f4mes\"},\"image\":{\"@id\":\"https:\/\/pro.citemomes.fr\/#\/schema\/logo\/image\/\"}}]}<\/script>\n<!-- \/ Yoast SEO plugin. -->","yoast_head_json":{"title":"Outils et d\u2019espaces de m\u00e9diation - Cit\u00e9m\u00f4mes","robots":{"index":"index","follow":"follow","max-snippet":"max-snippet:-1","max-image-preview":"max-image-preview:large","max-video-preview":"max-video-preview:-1"},"canonical":"https:\/\/pro.citemomes.fr\/index.php\/outils-et-despaces-de-mediation\/","og_locale":"fr_FR","og_type":"article","og_title":"Outils et d\u2019espaces de m\u00e9diation - Cit\u00e9m\u00f4mes","og_description":"Quelle que soit la nature de votre projet, Cit\u00e9m\u00f4mes vous accompagne dans la cr\u00e9ation d\u2019outils et d\u2019espaces de m\u00e9diation adapt\u00e9s aux besoins de votre structure. Forts d\u2019une riche exp\u00e9rience ayant particip\u00e9 \u00e0 renforcer notre expertise, nous concevons et r\u00e9alisons de v\u00e9ritables \u00ab exp\u00e9riences \u00e0 vivre \u00bb et \u00e0 partager au travers d\u2019outils ludiques et p\u00e9dagogiques,&hellip; Lire la suite Outils et d\u2019espaces de m\u00e9diation","og_url":"https:\/\/pro.citemomes.fr\/index.php\/outils-et-despaces-de-mediation\/","og_site_name":"Cit\u00e9m\u00f4mes","article_modified_time":"2022-09-07T10:55:44+00:00","twitter_card":"summary_large_image","twitter_misc":{"Dur\u00e9e de lecture estim\u00e9e":"1 minute"},"schema":{"@context":"https:\/\/schema.org","@graph":[{"@type":"WebPage","@id":"https:\/\/pro.citemomes.fr\/index.php\/outils-et-despaces-de-mediation\/","url":"https:\/\/pro.citemomes.fr\/index.php\/outils-et-despaces-de-mediation\/","name":"Outils et d\u2019espaces de m\u00e9diation - Cit\u00e9m\u00f4mes","isPartOf":{"@id":"https:\/\/pro.citemomes.fr\/#website"},"datePublished":"2021-04-21T10:56:36+00:00","dateModified":"2022-09-07T10:55:44+00:00","breadcrumb":{"@id":"https:\/\/pro.citemomes.fr\/index.php\/outils-et-despaces-de-mediation\/#breadcrumb"},"inLanguage":"fr-FR","potentialAction":[{"@type":"ReadAction","target":["https:\/\/pro.citemomes.fr\/index.php\/outils-et-despaces-de-mediation\/"]}]},{"@type":"BreadcrumbList","@id":"https:\/\/pro.citemomes.fr\/index.php\/outils-et-despaces-de-mediation\/#breadcrumb","itemListElement":[{"@type":"ListItem","position":1,"name":"Accueil","item":"https:\/\/pro.citemomes.fr\/"},{"@type":"ListItem","position":2,"name":"Outils et d\u2019espaces de m\u00e9diation"}]},{"@type":"WebSite","@id":"https:\/\/pro.citemomes.fr\/#website","url":"https:\/\/pro.citemomes.fr\/","name":"Cit\u00e9m\u00f4mes","description":"D\u00e9couvrir, cr\u00e9er, r\u00eaver","publisher":{"@id":"https:\/\/pro.citemomes.fr\/#organization"},"potentialAction":[{"@type":"SearchAction","target":{"@type":"EntryPoint","urlTemplate":"https:\/\/pro.citemomes.fr\/?s={search_term_string}"},"query-input":"required name=search_term_string"}],"inLanguage":"fr-FR"},{"@type":"Organization","@id":"https:\/\/pro.citemomes.fr\/#organization","name":"Cit\u00e9m\u00f4mes","url":"https:\/\/pro.citemomes.fr\/","logo":{"@type":"ImageObject","inLanguage":"fr-FR","@id":"https:\/\/pro.citemomes.fr\/#\/schema\/logo\/image\/","url":"https:\/\/pro.citemomes.fr\/wp-content\/uploads\/2021\/03\/cropped-Baniere-haut-definition-1.png","contentUrl":"https:\/\/pro.citemomes.fr\/wp-content\/uploads\/2021\/03\/cropped-Baniere-haut-definition-1.png","width":518,"height":286,"caption":"Cit\u00e9m\u00f4mes"},"image":{"@id":"https:\/\/pro.citemomes.fr\/#\/schema\/logo\/image\/"}}]}},"_links":{"self":[{"href":"https:\/\/pro.citemomes.fr\/index.php\/wp-json\/wp\/v2\/pages\/573"}],"collection":[{"href":"https:\/\/pro.citemomes.fr\/index.php\/wp-json\/wp\/v2\/pages"}],"about":[{"href":"https:\/\/pro.citemomes.fr\/index.php\/wp-json\/wp\/v2\/types\/page"}],"author":[{"embeddable":true,"href":"https:\/\/pro.citemomes.fr\/index.php\/wp-json\/wp\/v2\/users\/1"}],"replies":[{"embeddable":true,"href":"https:\/\/pro.citemomes.fr\/index.php\/wp-json\/wp\/v2\/comments?post=573"}],"version-history":[{"count":20,"href":"https:\/\/pro.citemomes.fr\/index.php\/wp-json\/wp\/v2\/pages\/573\/revisions"}],"predecessor-version":[{"id":2172,"href":"https:\/\/pro.citemomes.fr\/index.php\/wp-json\/wp\/v2\/pages\/573\/revisions\/2172"}],"wp:attachment":[{"href":"https:\/\/pro.citemomes.fr\/index.php\/wp-json\/wp\/v2\/media?parent=573"}],"curies":[{"name":"wp","href":"https:\/\/api.w.org\/{rel}","templated":true}]}}