{"id":53,"date":"2021-02-19T09:34:17","date_gmt":"2021-02-19T08:34:17","guid":{"rendered":"http:\/\/pro.citemomes.fr\/?page_id=53"},"modified":"2022-09-07T12:45:11","modified_gmt":"2022-09-07T10:45:11","slug":"la-malle-vagabonde","status":"publish","type":"page","link":"https:\/\/pro.citemomes.fr\/index.php\/la-malle-vagabonde\/","title":{"rendered":"La malle vagabonde"},"content":{"rendered":"\t\t<div data-elementor-type=\"wp-page\" data-elementor-id=\"53\" class=\"elementor elementor-53\">\n\t\t\t\t\t\t<section class=\"elementor-section elementor-top-section elementor-element elementor-element-d8b0616 elementor-hidden-tablet elementor-hidden-phone elementor-section-boxed elementor-section-height-default elementor-section-height-default\" data-id=\"d8b0616\" data-element_type=\"section\">\n\t\t\t\t\t\t<div class=\"elementor-container elementor-column-gap-default\">\n\t\t\t\t\t<div class=\"elementor-column elementor-col-100 elementor-top-column elementor-element elementor-element-0c1d5c8\" data-id=\"0c1d5c8\" data-element_type=\"column\">\n\t\t\t<div class=\"elementor-widget-wrap elementor-element-populated\">\n\t\t\t\t\t\t<div class=\"elementor-element elementor-element-87398b9 elementor-widget elementor-widget-text-editor\" data-id=\"87398b9\" data-element_type=\"widget\" data-widget_type=\"text-editor.default\">\n\t\t\t\t<div class=\"elementor-widget-container\">\n\t\t\t\t\t\t\t<p style=\"text-align: center;\"><strong><span style=\"color: #008080;\"><span style=\"color: #000000;\">Laur\u00e9ate de l\u2019\u00e9dition 2018 des Palmes du Tourisme Durable, la Malle Vagabonde des Grands Sites de France<\/span> <\/span>a pour objectif principal de sensibiliser au paysage. <\/strong><\/p>\n<p style=\"text-align: center;\">Par des entr\u00e9es sensorielles, artistiques ou interactives, elle est une invitation au voyage, \u00e0 une d\u00e9couverte du paysage dans tous les sens !<\/p>\n<p style=\"text-align: center;\">Elle se balade et vient \u00e0 la rencontre des visiteurs, petits ou grands.<\/p>\n<p style=\"text-align: center;\">\n<\/p>\t\t\t\t\t\t<\/div>\n\t\t\t\t<\/div>\n\t\t\t\t<div class=\"elementor-element elementor-element-721b779 elementor-widget elementor-widget-image\" data-id=\"721b779\" data-element_type=\"widget\" data-widget_type=\"image.default\">\n\t\t\t\t<div class=\"elementor-widget-container\">\n\t\t\t\t\t\t\t\t\t\t\t\t\t<img fetchpriority=\"high\" decoding=\"async\" width=\"2048\" height=\"1322\" src=\"https:\/\/pro.citemomes.fr\/wp-content\/uploads\/2021\/10\/espritrecup1-2048x1322.jpg\" class=\"attachment-2048x2048 size-2048x2048 wp-image-1549\" alt=\"\" srcset=\"https:\/\/pro.citemomes.fr\/wp-content\/uploads\/2021\/10\/espritrecup1-2048x1322.jpg 2048w, https:\/\/pro.citemomes.fr\/wp-content\/uploads\/2021\/10\/espritrecup1-300x194.jpg 300w, https:\/\/pro.citemomes.fr\/wp-content\/uploads\/2021\/10\/espritrecup1-1024x661.jpg 1024w, https:\/\/pro.citemomes.fr\/wp-content\/uploads\/2021\/10\/espritrecup1-768x496.jpg 768w, https:\/\/pro.citemomes.fr\/wp-content\/uploads\/2021\/10\/espritrecup1-1536x991.jpg 1536w\" sizes=\"(max-width: 2048px) 100vw, 2048px\" \/>\t\t\t\t\t\t\t\t\t\t\t\t\t<\/div>\n\t\t\t\t<\/div>\n\t\t\t\t<div class=\"elementor-element elementor-element-65a972d elementor-widget elementor-widget-text-editor\" data-id=\"65a972d\" data-element_type=\"widget\" data-widget_type=\"text-editor.default\">\n\t\t\t\t<div class=\"elementor-widget-container\">\n\t\t\t\t\t\t\t<p style=\"text-align: center;\">Gr\u00e2ce \u00e0 une s\u00e9rie d\u2019<strong>outils simples<\/strong> et <strong>immersifs<\/strong> (jeux sur les 5 sens, jeu de r\u00f4le sur les m\u00e9tiers des acteurs, lecture de paysage, cr\u00e9ation d\u2019une mat\u00e9riauth\u00e8que issue d\u2019\u00e9l\u00e9ments du Grand Site\u2026), ce dispositif permet de d\u00e9couvrir le paysage et ses coulisses de mani\u00e8re sensible, en rendant les participants acteurs de leur d\u00e9couverte. Il permet de s\u2019\u00e9veiller \u00e0 ce qui fait la beaut\u00e9 d\u2019un paysage, de comprendre ce qui le constitue et ce qui en fait le caract\u00e8re unique et fragile.<\/p>\t\t\t\t\t\t<\/div>\n\t\t\t\t<\/div>\n\t\t\t\t<div class=\"elementor-element elementor-element-74c2a11 elementor-widget elementor-widget-text-editor\" data-id=\"74c2a11\" data-element_type=\"widget\" data-widget_type=\"text-editor.default\">\n\t\t\t\t<div class=\"elementor-widget-container\">\n\t\t\t\t\t\t\t<p style=\"text-align: center;\">Construite autour des valeurs des <span style=\"color: #008080;\"><b>Grands Sites de France<\/b><\/span> (le respect de ce qui fait l\u2019esprit du lieu, l\u2019analyse sensible du paysage en vue de construire un projet de territoire et la participation des acteurs locaux), la <strong>Malle Vagabonde<\/strong> est destin\u00e9e aux Grands Sites de France, labellis\u00e9s ou en projet, ou tout autre territoire ou collectivit\u00e9 souhaitant \u00e9toffer son offre p\u00e9dagogique sur le th\u00e8me du paysage ou aborder la th\u00e9matique de la gestion durable d\u2019un site aupr\u00e8s d\u2019un public plus large (\u00e9lus, habitants, professionnels\u2026).<\/p>\t\t\t\t\t\t<\/div>\n\t\t\t\t<\/div>\n\t\t\t\t<div class=\"elementor-element elementor-element-15e391a5 elementor-widget elementor-widget-text-editor\" data-id=\"15e391a5\" data-element_type=\"widget\" data-widget_type=\"text-editor.default\">\n\t\t\t\t<div class=\"elementor-widget-container\">\n\t\t\t\t\t\t\t<p style=\"text-align: center;\"><strong><span style=\"text-decoration: underline;\"><span style=\"color: #000000; text-decoration: underline;\">Tarifs<\/span><\/span><span style=\"color: #000000;\"> :<\/span><\/strong><\/p><p style=\"text-align: center;\"><strong>Devis disponible sur demande par t\u00e9l\u00e9phone ou par mail.<\/strong><\/p>\t\t\t\t\t\t<\/div>\n\t\t\t\t<\/div>\n\t\t\t\t\t<\/div>\n\t\t<\/div>\n\t\t\t\t\t<\/div>\n\t\t<\/section>\n\t\t\t\t<section class=\"elementor-section elementor-top-section elementor-element elementor-element-62a56bc elementor-hidden-desktop elementor-section-boxed elementor-section-height-default elementor-section-height-default\" data-id=\"62a56bc\" data-element_type=\"section\">\n\t\t\t\t\t\t<div class=\"elementor-container elementor-column-gap-default\">\n\t\t\t\t\t<div class=\"elementor-column elementor-col-100 elementor-top-column elementor-element elementor-element-f17f1af\" data-id=\"f17f1af\" data-element_type=\"column\">\n\t\t\t<div class=\"elementor-widget-wrap elementor-element-populated\">\n\t\t\t\t\t\t<div class=\"elementor-element elementor-element-71639ee elementor-widget elementor-widget-text-editor\" data-id=\"71639ee\" data-element_type=\"widget\" data-widget_type=\"text-editor.default\">\n\t\t\t\t<div class=\"elementor-widget-container\">\n\t\t\t\t\t\t\t<p><span style=\"color: #008080;\"><b>Laur\u00e9ate de l\u2019\u00e9dition 2018 des Palmes du Tourisme Durable, La Malle Vagabonde des Grands Sites de France <\/b><\/span>a pour objectif principal de sensibiliser au paysage. Par des entr\u00e9es sensorielles, artistiques ou interactives, elle est une invitation au voyage, \u00e0 une d\u00e9couverte du paysage dans tous les sens ! Elle se balade et vient \u00e0 la rencontre des visiteurs, petits ou grands.<\/p>\t\t\t\t\t\t<\/div>\n\t\t\t\t<\/div>\n\t\t\t\t<div class=\"elementor-element elementor-element-061c670 elementor-widget elementor-widget-text-editor\" data-id=\"061c670\" data-element_type=\"widget\" data-widget_type=\"text-editor.default\">\n\t\t\t\t<div class=\"elementor-widget-container\">\n\t\t\t\t\t\t\t<p style=\"text-align: center;\">photo<\/p>\t\t\t\t\t\t<\/div>\n\t\t\t\t<\/div>\n\t\t\t\t<div class=\"elementor-element elementor-element-242ac72 elementor-widget elementor-widget-text-editor\" data-id=\"242ac72\" data-element_type=\"widget\" data-widget_type=\"text-editor.default\">\n\t\t\t\t<div class=\"elementor-widget-container\">\n\t\t\t\t\t\t\t<p>Gr\u00e2ce \u00e0 une s\u00e9rie d\u2019outils simples et immersifs (jeux sur les 5 sens, jeu de r\u00f4le sur les m\u00e9tiers des acteurs, lecture de paysage, cr\u00e9ation d\u2019une mat\u00e9riauth\u00e8que issue d\u2019\u00e9l\u00e9ments du Grand Site\u2026), ce dispositif permet de d\u00e9couvrir le paysage et ses coulisses de mani\u00e8re sensible, en rendant les participants acteurs de leur d\u00e9couverte. Il permet de s\u2019\u00e9veiller \u00e0 ce qui fait la beaut\u00e9 d\u2019un paysage, de comprendre ce qui le constitue et ce qui en fait le caract\u00e8re unique et fragile.<\/p>\t\t\t\t\t\t<\/div>\n\t\t\t\t<\/div>\n\t\t\t\t<div class=\"elementor-element elementor-element-a2bc8b6 elementor-widget elementor-widget-text-editor\" data-id=\"a2bc8b6\" data-element_type=\"widget\" data-widget_type=\"text-editor.default\">\n\t\t\t\t<div class=\"elementor-widget-container\">\n\t\t\t\t\t\t\t<p>Construite autour des valeurs des <span style=\"color: #008080;\"><b>Grands Sites de France<\/b><\/span> (le respect de ce qui fait l\u2019esprit du lieu, l\u2019analyse sensible du paysage en vue de construire un projet de territoire et la participation des acteurs locaux), la Malle Vagabonde est destin\u00e9e aux Grands Sites de France, labellis\u00e9s ou en projet, ou tout autre territoire ou collectivit\u00e9 souhaitant \u00e9toffer son offre p\u00e9dagogique sur le th\u00e8me du paysage ou aborder la th\u00e9matique de la gestion durable d\u2019un site aupr\u00e8s d\u2019un public plus large (\u00e9lus, habitants, professionnels\u2026).<\/p>\t\t\t\t\t\t<\/div>\n\t\t\t\t<\/div>\n\t\t\t\t<div class=\"elementor-element elementor-element-f1801a0 elementor-widget elementor-widget-text-editor\" data-id=\"f1801a0\" data-element_type=\"widget\" data-widget_type=\"text-editor.default\">\n\t\t\t\t<div class=\"elementor-widget-container\">\n\t\t\t\t\t\t\t<p><span style=\"color: #008080;\"><b><i>Pour en savoir + :<\/i><\/b> <\/span>Document PDF de pr\u00e9sentation.<\/p>\t\t\t\t\t\t<\/div>\n\t\t\t\t<\/div>\n\t\t\t\t<div class=\"elementor-element elementor-element-bd8b3f9 elementor-widget elementor-widget-text-editor\" data-id=\"bd8b3f9\" data-element_type=\"widget\" data-widget_type=\"text-editor.default\">\n\t\t\t\t<div class=\"elementor-widget-container\">\n\t\t\t\t\t\t\t<p><span style=\"text-decoration: underline;\"><span style=\"color: #000000; text-decoration: underline;\">Tarifs :<\/span><\/span> <a href=\"http:\/\/pro.citemomes.fr\/index.php\/contact\/\">Devis disponible sur demande par t\u00e9l\u00e9phone ou par mail. (contacter ici !)<\/a><\/p>\t\t\t\t\t\t<\/div>\n\t\t\t\t<\/div>\n\t\t\t\t\t<\/div>\n\t\t<\/div>\n\t\t\t\t\t<\/div>\n\t\t<\/section>\n\t\t\t\t<\/div>\n\t\t","protected":false},"excerpt":{"rendered":"<p>Laur\u00e9ate de l\u2019\u00e9dition 2018 des Palmes du Tourisme Durable, la Malle Vagabonde des Grands Sites de France a pour objectif principal de sensibiliser au paysage. Par des entr\u00e9es sensorielles, artistiques ou interactives, elle est une invitation au voyage, \u00e0 une d\u00e9couverte du paysage dans tous les sens ! Elle se balade et vient \u00e0 la&hellip; <a href=\"https:\/\/pro.citemomes.fr\/index.php\/la-malle-vagabonde\/\" class=\"more-link\">Lire la suite <span class=\"screen-reader-text\">La malle vagabonde<\/span><\/a><\/p>\n","protected":false},"author":1,"featured_media":0,"parent":0,"menu_order":0,"comment_status":"closed","ping_status":"closed","template":"elementor_header_footer","meta":[],"yoast_head":"<!-- This site is optimized with the Yoast SEO plugin v21.1 - https:\/\/yoast.com\/wordpress\/plugins\/seo\/ -->\n<title>La malle vagabonde - Cit\u00e9m\u00f4mes<\/title>\n<meta name=\"description\" content=\"Laur\u00e9ate de l\u2019\u00e9dition 2018 des Palmes du Tourisme Durable, la Malle Vagabonde des Grands Sites de France a pour objectif principal de sensibiliser au paysage.Par des entr\u00e9es sensorielles, artistiques ou interactives, elle est une invitation au voyage, \u00e0 une d\u00e9couverte du paysage dans tous les sens ! Elle se balade et vient \u00e0 la rencontre des visiteurs, petits ou grands.\" \/>\n<meta name=\"robots\" content=\"index, follow, max-snippet:-1, max-image-preview:large, max-video-preview:-1\" \/>\n<link rel=\"canonical\" href=\"https:\/\/pro.citemomes.fr\/index.php\/la-malle-vagabonde\/\" \/>\n<meta property=\"og:locale\" content=\"fr_FR\" \/>\n<meta property=\"og:type\" content=\"article\" \/>\n<meta property=\"og:title\" content=\"La malle vagabonde - Cit\u00e9m\u00f4mes\" \/>\n<meta property=\"og:description\" content=\"Laur\u00e9ate de l\u2019\u00e9dition 2018 des Palmes du Tourisme Durable, la Malle Vagabonde des Grands Sites de France a pour objectif principal de sensibiliser au paysage.Par des entr\u00e9es sensorielles, artistiques ou interactives, elle est une invitation au voyage, \u00e0 une d\u00e9couverte du paysage dans tous les sens ! Elle se balade et vient \u00e0 la rencontre des visiteurs, petits ou grands.\" \/>\n<meta property=\"og:url\" content=\"https:\/\/pro.citemomes.fr\/index.php\/la-malle-vagabonde\/\" \/>\n<meta property=\"og:site_name\" content=\"Cit\u00e9m\u00f4mes\" \/>\n<meta property=\"article:modified_time\" content=\"2022-09-07T10:45:11+00:00\" \/>\n<meta property=\"og:image\" content=\"https:\/\/pro.citemomes.fr\/wp-content\/uploads\/2021\/10\/espritrecup1-2048x1322.jpg\" \/>\n<meta name=\"twitter:card\" content=\"summary_large_image\" \/>\n<meta name=\"twitter:label1\" content=\"Dur\u00e9e de lecture estim\u00e9e\" \/>\n\t<meta name=\"twitter:data1\" content=\"3 minutes\" \/>\n<script type=\"application\/ld+json\" class=\"yoast-schema-graph\">{\"@context\":\"https:\/\/schema.org\",\"@graph\":[{\"@type\":\"WebPage\",\"@id\":\"https:\/\/pro.citemomes.fr\/index.php\/la-malle-vagabonde\/\",\"url\":\"https:\/\/pro.citemomes.fr\/index.php\/la-malle-vagabonde\/\",\"name\":\"La malle vagabonde - Cit\u00e9m\u00f4mes\",\"isPartOf\":{\"@id\":\"https:\/\/pro.citemomes.fr\/#website\"},\"datePublished\":\"2021-02-19T08:34:17+00:00\",\"dateModified\":\"2022-09-07T10:45:11+00:00\",\"description\":\"Laur\u00e9ate de l\u2019\u00e9dition 2018 des Palmes du Tourisme Durable, la Malle Vagabonde des Grands Sites de France a pour objectif principal de sensibiliser au paysage.Par des entr\u00e9es sensorielles, artistiques ou interactives, elle est une invitation au voyage, \u00e0 une d\u00e9couverte du paysage dans tous les sens ! Elle se balade et vient \u00e0 la rencontre des visiteurs, petits ou grands.\",\"breadcrumb\":{\"@id\":\"https:\/\/pro.citemomes.fr\/index.php\/la-malle-vagabonde\/#breadcrumb\"},\"inLanguage\":\"fr-FR\",\"potentialAction\":[{\"@type\":\"ReadAction\",\"target\":[\"https:\/\/pro.citemomes.fr\/index.php\/la-malle-vagabonde\/\"]}]},{\"@type\":\"BreadcrumbList\",\"@id\":\"https:\/\/pro.citemomes.fr\/index.php\/la-malle-vagabonde\/#breadcrumb\",\"itemListElement\":[{\"@type\":\"ListItem\",\"position\":1,\"name\":\"Accueil\",\"item\":\"https:\/\/pro.citemomes.fr\/\"},{\"@type\":\"ListItem\",\"position\":2,\"name\":\"La malle vagabonde\"}]},{\"@type\":\"WebSite\",\"@id\":\"https:\/\/pro.citemomes.fr\/#website\",\"url\":\"https:\/\/pro.citemomes.fr\/\",\"name\":\"Cit\u00e9m\u00f4mes\",\"description\":\"D\u00e9couvrir, cr\u00e9er, r\u00eaver\",\"publisher\":{\"@id\":\"https:\/\/pro.citemomes.fr\/#organization\"},\"potentialAction\":[{\"@type\":\"SearchAction\",\"target\":{\"@type\":\"EntryPoint\",\"urlTemplate\":\"https:\/\/pro.citemomes.fr\/?s={search_term_string}\"},\"query-input\":\"required name=search_term_string\"}],\"inLanguage\":\"fr-FR\"},{\"@type\":\"Organization\",\"@id\":\"https:\/\/pro.citemomes.fr\/#organization\",\"name\":\"Cit\u00e9m\u00f4mes\",\"url\":\"https:\/\/pro.citemomes.fr\/\",\"logo\":{\"@type\":\"ImageObject\",\"inLanguage\":\"fr-FR\",\"@id\":\"https:\/\/pro.citemomes.fr\/#\/schema\/logo\/image\/\",\"url\":\"https:\/\/pro.citemomes.fr\/wp-content\/uploads\/2021\/03\/cropped-Baniere-haut-definition-1.png\",\"contentUrl\":\"https:\/\/pro.citemomes.fr\/wp-content\/uploads\/2021\/03\/cropped-Baniere-haut-definition-1.png\",\"width\":518,\"height\":286,\"caption\":\"Cit\u00e9m\u00f4mes\"},\"image\":{\"@id\":\"https:\/\/pro.citemomes.fr\/#\/schema\/logo\/image\/\"}}]}<\/script>\n<!-- \/ Yoast SEO plugin. -->","yoast_head_json":{"title":"La malle vagabonde - Cit\u00e9m\u00f4mes","description":"Laur\u00e9ate de l\u2019\u00e9dition 2018 des Palmes du Tourisme Durable, la Malle Vagabonde des Grands Sites de France a pour objectif principal de sensibiliser au paysage.Par des entr\u00e9es sensorielles, artistiques ou interactives, elle est une invitation au voyage, \u00e0 une d\u00e9couverte du paysage dans tous les sens ! Elle se balade et vient \u00e0 la rencontre des visiteurs, petits ou grands.","robots":{"index":"index","follow":"follow","max-snippet":"max-snippet:-1","max-image-preview":"max-image-preview:large","max-video-preview":"max-video-preview:-1"},"canonical":"https:\/\/pro.citemomes.fr\/index.php\/la-malle-vagabonde\/","og_locale":"fr_FR","og_type":"article","og_title":"La malle vagabonde - Cit\u00e9m\u00f4mes","og_description":"Laur\u00e9ate de l\u2019\u00e9dition 2018 des Palmes du Tourisme Durable, la Malle Vagabonde des Grands Sites de France a pour objectif principal de sensibiliser au paysage.Par des entr\u00e9es sensorielles, artistiques ou interactives, elle est une invitation au voyage, \u00e0 une d\u00e9couverte du paysage dans tous les sens ! Elle se balade et vient \u00e0 la rencontre des visiteurs, petits ou grands.","og_url":"https:\/\/pro.citemomes.fr\/index.php\/la-malle-vagabonde\/","og_site_name":"Cit\u00e9m\u00f4mes","article_modified_time":"2022-09-07T10:45:11+00:00","og_image":[{"url":"https:\/\/pro.citemomes.fr\/wp-content\/uploads\/2021\/10\/espritrecup1-2048x1322.jpg"}],"twitter_card":"summary_large_image","twitter_misc":{"Dur\u00e9e de lecture estim\u00e9e":"3 minutes"},"schema":{"@context":"https:\/\/schema.org","@graph":[{"@type":"WebPage","@id":"https:\/\/pro.citemomes.fr\/index.php\/la-malle-vagabonde\/","url":"https:\/\/pro.citemomes.fr\/index.php\/la-malle-vagabonde\/","name":"La malle vagabonde - Cit\u00e9m\u00f4mes","isPartOf":{"@id":"https:\/\/pro.citemomes.fr\/#website"},"datePublished":"2021-02-19T08:34:17+00:00","dateModified":"2022-09-07T10:45:11+00:00","description":"Laur\u00e9ate de l\u2019\u00e9dition 2018 des Palmes du Tourisme Durable, la Malle Vagabonde des Grands Sites de France a pour objectif principal de sensibiliser au paysage.Par des entr\u00e9es sensorielles, artistiques ou interactives, elle est une invitation au voyage, \u00e0 une d\u00e9couverte du paysage dans tous les sens ! Elle se balade et vient \u00e0 la rencontre des visiteurs, petits ou grands.","breadcrumb":{"@id":"https:\/\/pro.citemomes.fr\/index.php\/la-malle-vagabonde\/#breadcrumb"},"inLanguage":"fr-FR","potentialAction":[{"@type":"ReadAction","target":["https:\/\/pro.citemomes.fr\/index.php\/la-malle-vagabonde\/"]}]},{"@type":"BreadcrumbList","@id":"https:\/\/pro.citemomes.fr\/index.php\/la-malle-vagabonde\/#breadcrumb","itemListElement":[{"@type":"ListItem","position":1,"name":"Accueil","item":"https:\/\/pro.citemomes.fr\/"},{"@type":"ListItem","position":2,"name":"La malle vagabonde"}]},{"@type":"WebSite","@id":"https:\/\/pro.citemomes.fr\/#website","url":"https:\/\/pro.citemomes.fr\/","name":"Cit\u00e9m\u00f4mes","description":"D\u00e9couvrir, cr\u00e9er, r\u00eaver","publisher":{"@id":"https:\/\/pro.citemomes.fr\/#organization"},"potentialAction":[{"@type":"SearchAction","target":{"@type":"EntryPoint","urlTemplate":"https:\/\/pro.citemomes.fr\/?s={search_term_string}"},"query-input":"required name=search_term_string"}],"inLanguage":"fr-FR"},{"@type":"Organization","@id":"https:\/\/pro.citemomes.fr\/#organization","name":"Cit\u00e9m\u00f4mes","url":"https:\/\/pro.citemomes.fr\/","logo":{"@type":"ImageObject","inLanguage":"fr-FR","@id":"https:\/\/pro.citemomes.fr\/#\/schema\/logo\/image\/","url":"https:\/\/pro.citemomes.fr\/wp-content\/uploads\/2021\/03\/cropped-Baniere-haut-definition-1.png","contentUrl":"https:\/\/pro.citemomes.fr\/wp-content\/uploads\/2021\/03\/cropped-Baniere-haut-definition-1.png","width":518,"height":286,"caption":"Cit\u00e9m\u00f4mes"},"image":{"@id":"https:\/\/pro.citemomes.fr\/#\/schema\/logo\/image\/"}}]}},"_links":{"self":[{"href":"https:\/\/pro.citemomes.fr\/index.php\/wp-json\/wp\/v2\/pages\/53"}],"collection":[{"href":"https:\/\/pro.citemomes.fr\/index.php\/wp-json\/wp\/v2\/pages"}],"about":[{"href":"https:\/\/pro.citemomes.fr\/index.php\/wp-json\/wp\/v2\/types\/page"}],"author":[{"embeddable":true,"href":"https:\/\/pro.citemomes.fr\/index.php\/wp-json\/wp\/v2\/users\/1"}],"replies":[{"embeddable":true,"href":"https:\/\/pro.citemomes.fr\/index.php\/wp-json\/wp\/v2\/comments?post=53"}],"version-history":[{"count":62,"href":"https:\/\/pro.citemomes.fr\/index.php\/wp-json\/wp\/v2\/pages\/53\/revisions"}],"predecessor-version":[{"id":2146,"href":"https:\/\/pro.citemomes.fr\/index.php\/wp-json\/wp\/v2\/pages\/53\/revisions\/2146"}],"wp:attachment":[{"href":"https:\/\/pro.citemomes.fr\/index.php\/wp-json\/wp\/v2\/media?parent=53"}],"curies":[{"name":"wp","href":"https:\/\/api.w.org\/{rel}","templated":true}]}}