{"id":45,"date":"2021-02-19T09:34:53","date_gmt":"2021-02-19T08:34:53","guid":{"rendered":"http:\/\/pro.citemomes.fr\/?page_id=45"},"modified":"2022-09-07T12:43:20","modified_gmt":"2022-09-07T10:43:20","slug":"les-arbres-a-boites","status":"publish","type":"page","link":"https:\/\/pro.citemomes.fr\/index.php\/les-arbres-a-boites\/","title":{"rendered":"Les arbres \u00e0 bo\u00eetes"},"content":{"rendered":"\t\t<div data-elementor-type=\"wp-page\" data-elementor-id=\"45\" class=\"elementor elementor-45\">\n\t\t\t\t\t\t<section class=\"elementor-section elementor-top-section elementor-element elementor-element-0e4b71b elementor-hidden-tablet elementor-hidden-phone elementor-section-boxed elementor-section-height-default elementor-section-height-default\" data-id=\"0e4b71b\" data-element_type=\"section\">\n\t\t\t\t\t\t<div class=\"elementor-container elementor-column-gap-default\">\n\t\t\t\t\t<div class=\"elementor-column elementor-col-100 elementor-top-column elementor-element elementor-element-86184eb\" data-id=\"86184eb\" data-element_type=\"column\">\n\t\t\t<div class=\"elementor-widget-wrap elementor-element-populated\">\n\t\t\t\t\t\t<div class=\"elementor-element elementor-element-cb9992a elementor-widget elementor-widget-text-editor\" data-id=\"cb9992a\" data-element_type=\"widget\" data-widget_type=\"text-editor.default\">\n\t\t\t\t<div class=\"elementor-widget-container\">\n\t\t\t\t\t\t\t<p style=\"text-align: center;\"><strong>Les arbres \u00e0 bo\u00eetes de <em>Cit\u00e9m\u00f4mes<\/em>, ce sont des animations d\u2019un style diff\u00e9rent, qui \u00e0 partir d\u2019un concept novateur, permettent de sensibiliser les enfants \u00e0 leur environnement et au monde qui les entoure.<\/strong><\/p>\n<p style=\"text-align: center;\">Entre exposition itin\u00e9rante, spectacle et atelier p\u00e9dagogique, cet outil \u00e0 la fois <strong>interactif<\/strong> et <strong>ludique<\/strong> a, depuis sa cr\u00e9ation, \u00e9t\u00e9 de nombreuses fois r\u00e9compens\u00e9 et labellis\u00e9.<\/p>\n\t\t\t\t\t\t<\/div>\n\t\t\t\t<\/div>\n\t\t\t\t<div class=\"elementor-element elementor-element-563fb42 elementor-widget elementor-widget-image\" data-id=\"563fb42\" data-element_type=\"widget\" data-widget_type=\"image.default\">\n\t\t\t\t<div class=\"elementor-widget-container\">\n\t\t\t\t\t\t\t\t\t\t\t\t\t<img fetchpriority=\"high\" decoding=\"async\" width=\"825\" height=\"197\" src=\"https:\/\/pro.citemomes.fr\/wp-content\/uploads\/2021\/10\/Capture-de\u0301cran-2021-10-26-a\u0300-11.02.32-1024x245.png\" class=\"attachment-large size-large wp-image-1558\" alt=\"\" srcset=\"https:\/\/pro.citemomes.fr\/wp-content\/uploads\/2021\/10\/Capture-de\u0301cran-2021-10-26-a\u0300-11.02.32-1024x245.png 1024w, https:\/\/pro.citemomes.fr\/wp-content\/uploads\/2021\/10\/Capture-de\u0301cran-2021-10-26-a\u0300-11.02.32-300x72.png 300w, https:\/\/pro.citemomes.fr\/wp-content\/uploads\/2021\/10\/Capture-de\u0301cran-2021-10-26-a\u0300-11.02.32-768x184.png 768w, https:\/\/pro.citemomes.fr\/wp-content\/uploads\/2021\/10\/Capture-de\u0301cran-2021-10-26-a\u0300-11.02.32-1536x368.png 1536w, https:\/\/pro.citemomes.fr\/wp-content\/uploads\/2021\/10\/Capture-de\u0301cran-2021-10-26-a\u0300-11.02.32-2048x490.png 2048w\" sizes=\"(max-width: 825px) 100vw, 825px\" \/>\t\t\t\t\t\t\t\t\t\t\t\t\t<\/div>\n\t\t\t\t<\/div>\n\t\t\t\t<div class=\"elementor-element elementor-element-faa386a elementor-widget elementor-widget-heading\" data-id=\"faa386a\" data-element_type=\"widget\" data-widget_type=\"heading.default\">\n\t\t\t\t<div class=\"elementor-widget-container\">\n\t\t\t<h6 class=\"elementor-heading-title elementor-size-default\"><br><span style=\"color: #008080;\"><b>Nos diff\u00e9rents modules \"Arbres \u00e0 bo\u00eetes\"<\/b><b> : <\/b><\/span><\/h6>\t\t<\/div>\n\t\t\t\t<\/div>\n\t\t\t\t<div class=\"elementor-element elementor-element-543629e elementor-widget elementor-widget-text-editor\" data-id=\"543629e\" data-element_type=\"widget\" data-widget_type=\"text-editor.default\">\n\t\t\t\t<div class=\"elementor-widget-container\">\n\t\t\t\t\t\t\t<ul><li aria-level=\"1\"><span style=\"color: #000000;\">Mr Baobab,<\/span><\/li><li aria-level=\"1\"><span style=\"color: #000000;\">Mme la Tiar\u00e9,<\/span><\/li><li aria-level=\"1\"><span style=\"color: #000000;\">Le chapiteau des petits,<\/span><\/li><li aria-level=\"1\"><span style=\"color: #000000;\">Mr Chevalet,<\/span><\/li><li aria-level=\"1\"><span style=\"color: #000000;\">Les secrets du France,<\/span><\/li><li aria-level=\"1\"><span style=\"color: #000000;\">Le cabinet de curiosit\u00e9s de Mr Gibbs.<\/span><\/li><\/ul>\t\t\t\t\t\t<\/div>\n\t\t\t\t<\/div>\n\t\t\t\t<div class=\"elementor-element elementor-element-75b5c0b elementor-widget elementor-widget-text-editor\" data-id=\"75b5c0b\" data-element_type=\"widget\" data-widget_type=\"text-editor.default\">\n\t\t\t\t<div class=\"elementor-widget-container\">\n\t\t\t\t\t\t\t<p>\u00a0<\/p><p><span style=\"font-size: 20px; color: #008080; font-weight: bold; white-space: pre-wrap;\">\u00a0<\/span><span style=\"color: #008080; font-size: 20px; font-weight: bold; white-space: pre-wrap;\">\u00ab\u00a0Dans les coulisses des Grands Sites\u00a0\u00bb : <\/span><\/p><p>L&rsquo;arbre \u00e0 bo\u00eetes a ainsi \u00e9t\u00e9 adapt\u00e9 pour le R\u00e9seau des Grands Sites de France avec l\u2019exposition \u00ab Dans les coulisses des Grands Sites \u00bb, qui aborde toute la vari\u00e9t\u00e9 des enjeux et des \u00e9quilibres fragiles pr\u00e9sents sur les sites : de la pr\u00e9servation du paysage et de la biodiversit\u00e9 aux connexions entre habitants et territoires, \u00e0 l\u2019int\u00e9r\u00eat de g\u00e9rer et de prot\u00e9ger ces sites exceptionnels \u00e0 long terme.<\/p><p>\u00a0<\/p>\t\t\t\t\t\t<\/div>\n\t\t\t\t<\/div>\n\t\t\t\t<div class=\"elementor-element elementor-element-32c2ca1 elementor-widget elementor-widget-image\" data-id=\"32c2ca1\" data-element_type=\"widget\" data-widget_type=\"image.default\">\n\t\t\t\t<div class=\"elementor-widget-container\">\n\t\t\t\t\t\t\t\t\t\t\t\t\t<img decoding=\"async\" width=\"825\" height=\"193\" src=\"https:\/\/pro.citemomes.fr\/wp-content\/uploads\/2021\/10\/Capture-de\u0301cran-2021-10-26-a\u0300-11.44.52-1024x239.png\" class=\"attachment-large size-large wp-image-1571\" alt=\"\" srcset=\"https:\/\/pro.citemomes.fr\/wp-content\/uploads\/2021\/10\/Capture-de\u0301cran-2021-10-26-a\u0300-11.44.52-1024x239.png 1024w, https:\/\/pro.citemomes.fr\/wp-content\/uploads\/2021\/10\/Capture-de\u0301cran-2021-10-26-a\u0300-11.44.52-300x70.png 300w, https:\/\/pro.citemomes.fr\/wp-content\/uploads\/2021\/10\/Capture-de\u0301cran-2021-10-26-a\u0300-11.44.52-768x179.png 768w, https:\/\/pro.citemomes.fr\/wp-content\/uploads\/2021\/10\/Capture-de\u0301cran-2021-10-26-a\u0300-11.44.52-1536x359.png 1536w, https:\/\/pro.citemomes.fr\/wp-content\/uploads\/2021\/10\/Capture-de\u0301cran-2021-10-26-a\u0300-11.44.52-2048x479.png 2048w\" sizes=\"(max-width: 825px) 100vw, 825px\" \/>\t\t\t\t\t\t\t\t\t\t\t\t\t<\/div>\n\t\t\t\t<\/div>\n\t\t\t\t<div class=\"elementor-element elementor-element-ee1a1b9 elementor-widget elementor-widget-heading\" data-id=\"ee1a1b9\" data-element_type=\"widget\" data-widget_type=\"heading.default\">\n\t\t\t\t<div class=\"elementor-widget-container\">\n\t\t\t<h6 class=\"elementor-heading-title elementor-size-default\"><br>\u2b50\ufe0f Le petit + :<\/h6>\t\t<\/div>\n\t\t\t\t<\/div>\n\t\t\t\t<div class=\"elementor-element elementor-element-9b98023 elementor-widget elementor-widget-text-editor\" data-id=\"9b98023\" data-element_type=\"widget\" data-widget_type=\"text-editor.default\">\n\t\t\t\t<div class=\"elementor-widget-container\">\n\t\t\t\t\t\t\t<p style=\"text-align: center;\"><span id=\"ox-e204997560-gmail-docs-internal-guid-7cb8e0f3-7fff-ac51-8059-5577473189b0\">Ce dispositif peut \u00eatre mis en place sur une p\u00e9riode plus ou moins longue. Il est id\u00e9al comme support pour une semaine, quinzaine ou mois consacr\u00e9 \u00e0 une th\u00e9matique au sein de votre structure. De plus, nous vous proposons de former votre \u00e9quipe sur place afin qu\u2019elle donne vie \u00e0 l&rsquo;outil et se l\u2019approprie pour ensuite mieux en transmettre les contenus !<\/span><\/p>\t\t\t\t\t\t<\/div>\n\t\t\t\t<\/div>\n\t\t\t\t<div class=\"elementor-element elementor-element-761462e elementor-widget elementor-widget-text-editor\" data-id=\"761462e\" data-element_type=\"widget\" data-widget_type=\"text-editor.default\">\n\t\t\t\t<div class=\"elementor-widget-container\">\n\t\t\t\t\t\t\t<p><strong><span style=\"text-decoration: underline;\"><span style=\"color: #000000; text-decoration: underline;\">Tarifs<\/span><\/span><span style=\"color: #000000;\"> :<\/span><\/strong><\/p><p><strong>Devis disponible sur demande par t\u00e9l\u00e9phone ou par mail.<\/strong><\/p>\t\t\t\t\t\t<\/div>\n\t\t\t\t<\/div>\n\t\t\t\t\t<\/div>\n\t\t<\/div>\n\t\t\t\t\t<\/div>\n\t\t<\/section>\n\t\t\t\t<section class=\"elementor-section elementor-top-section elementor-element elementor-element-e7b9c7e elementor-hidden-desktop elementor-section-boxed elementor-section-height-default elementor-section-height-default\" data-id=\"e7b9c7e\" data-element_type=\"section\">\n\t\t\t\t\t\t<div class=\"elementor-container elementor-column-gap-default\">\n\t\t\t\t\t<div class=\"elementor-column elementor-col-100 elementor-top-column elementor-element elementor-element-bff5e83\" data-id=\"bff5e83\" data-element_type=\"column\">\n\t\t\t<div class=\"elementor-widget-wrap elementor-element-populated\">\n\t\t\t\t\t\t<div class=\"elementor-element elementor-element-69f5de4 elementor-widget elementor-widget-text-editor\" data-id=\"69f5de4\" data-element_type=\"widget\" data-widget_type=\"text-editor.default\">\n\t\t\t\t<div class=\"elementor-widget-container\">\n\t\t\t\t\t\t\t<p>Les arbres \u00e0 bo\u00eetes de Cit\u00e9m\u00f4mes, ce sont des animations d\u2019un style diff\u00e9rent qui, \u00e0 partir d\u2019un concept novateur, permettent de sensibiliser les enfants \u00e0 leur environnement et au monde qui les entoure.<\/p><p>Entre exposition itin\u00e9rante, spectacle et atelier p\u00e9dagogique, cet outil \u00e0 la fois interactif et ludique a, depuis sa cr\u00e9ation, \u00e9t\u00e9 de nombreuses fois r\u00e9compens\u00e9 et labellis\u00e9.<\/p>\t\t\t\t\t\t<\/div>\n\t\t\t\t<\/div>\n\t\t\t\t<div class=\"elementor-element elementor-element-cbb4530 elementor-widget elementor-widget-heading\" data-id=\"cbb4530\" data-element_type=\"widget\" data-widget_type=\"heading.default\">\n\t\t\t\t<div class=\"elementor-widget-container\">\n\t\t\t<h6 class=\"elementor-heading-title elementor-size-default\"><span style=\"color: #008080;\"><b>Nos diff\u00e9rents \u201cArbres \u00e0 bo\u00eetes\u201d<\/b><b> : <br><\/b><\/span><i>(images et PDF des diff\u00e9rents modules)<\/i><\/h6>\t\t<\/div>\n\t\t\t\t<\/div>\n\t\t\t\t<div class=\"elementor-element elementor-element-472f212 elementor-widget elementor-widget-text-editor\" data-id=\"472f212\" data-element_type=\"widget\" data-widget_type=\"text-editor.default\">\n\t\t\t\t<div class=\"elementor-widget-container\">\n\t\t\t\t\t\t\t<p style=\"text-align: left;\"><i>(images et PDF des diff\u00e9rents modules) = revoir\u00a0 les fiches ?<\/i>\u200b<\/p><ul><li style=\"text-align: left;\" aria-level=\"1\"><span style=\"color: #000000;\">Mr Baobab,<\/span><\/li><li style=\"text-align: left;\" aria-level=\"1\"><span style=\"color: #000000;\">Mme la Tiar\u00e9,<\/span><\/li><li style=\"text-align: left;\" aria-level=\"1\"><span style=\"color: #000000;\">Le chapiteau des petits,<\/span><\/li><li style=\"text-align: left;\" aria-level=\"1\"><span style=\"color: #000000;\">Mr Chevalet,<\/span><\/li><li style=\"text-align: left;\" aria-level=\"1\"><span style=\"color: #000000;\">Les secrets du France,<\/span><\/li><li style=\"text-align: left;\" aria-level=\"1\"><span style=\"color: #000000;\">Le cabinet de curiosit\u00e9s de Mr Gibbs,<\/span><\/li><\/ul>\t\t\t\t\t\t<\/div>\n\t\t\t\t<\/div>\n\t\t\t\t<div class=\"elementor-element elementor-element-f9f9855 elementor-widget elementor-widget-text-editor\" data-id=\"f9f9855\" data-element_type=\"widget\" data-widget_type=\"text-editor.default\">\n\t\t\t\t<div class=\"elementor-widget-container\">\n\t\t\t\t\t\t\t<p>Il a ainsi \u00e9t\u00e9 adapt\u00e9 pour le R\u00e9seau des Grands Sites de France avec l\u2019exposition \u00ab Dans les coulisses des Grands Sites \u00bb, qui aborde toute la vari\u00e9t\u00e9 des enjeux et des \u00e9quilibres fragiles pr\u00e9sents sur les sites : de la pr\u00e9servation du paysage et de la biodiversit\u00e9 aux connexions entre habitants et territoire, \u00e0 l\u2019int\u00e9r\u00eat de g\u00e9rer et de prot\u00e9ger ces sites exceptionnels \u00e0 long terme.<\/p>\t\t\t\t\t\t<\/div>\n\t\t\t\t<\/div>\n\t\t\t\t<div class=\"elementor-element elementor-element-264a0fc elementor-widget elementor-widget-heading\" data-id=\"264a0fc\" data-element_type=\"widget\" data-widget_type=\"heading.default\">\n\t\t\t\t<div class=\"elementor-widget-container\">\n\t\t\t<h6 class=\"elementor-heading-title elementor-size-default\">Le petit + :<\/h6>\t\t<\/div>\n\t\t\t\t<\/div>\n\t\t\t\t<div class=\"elementor-element elementor-element-5174b7d elementor-widget elementor-widget-text-editor\" data-id=\"5174b7d\" data-element_type=\"widget\" data-widget_type=\"text-editor.default\">\n\t\t\t\t<div class=\"elementor-widget-container\">\n\t\t\t\t\t\t\t<p>Ce dispositif peut \u00eatre mis en place sur une p\u00e9riode plus ou moins longue, id\u00e9al comme support pour une semaine, quinzaine ou mois sur une th\u00e9matique. Nous vous proposons aussi la possibilit\u00e9 de former votre \u00e9quipe sur place pour qu\u2019elle donne vie au \u00e0 cet outil !<\/p>\t\t\t\t\t\t<\/div>\n\t\t\t\t<\/div>\n\t\t\t\t<div class=\"elementor-element elementor-element-48ba1d4 elementor-widget elementor-widget-heading\" data-id=\"48ba1d4\" data-element_type=\"widget\" data-widget_type=\"heading.default\">\n\t\t\t\t<div class=\"elementor-widget-container\">\n\t\t\t<h6 class=\"elementor-heading-title elementor-size-default\">Pour aller + loin : <\/h6>\t\t<\/div>\n\t\t\t\t<\/div>\n\t\t\t\t<div class=\"elementor-element elementor-element-ff424b5 elementor-widget elementor-widget-text-editor\" data-id=\"ff424b5\" data-element_type=\"widget\" data-widget_type=\"text-editor.default\">\n\t\t\t\t<div class=\"elementor-widget-container\">\n\t\t\t\t\t\t\t<p>+ Lien revue espace <b>(? Mathilde ?)<\/b> ou <b>La recette de cet univers est compos\u00e9e de 3 ingr\u00e9dients (fiche pdf) ?<\/b><\/p>\t\t\t\t\t\t<\/div>\n\t\t\t\t<\/div>\n\t\t\t\t<div class=\"elementor-element elementor-element-141a3bf elementor-widget elementor-widget-text-editor\" data-id=\"141a3bf\" data-element_type=\"widget\" data-widget_type=\"text-editor.default\">\n\t\t\t\t<div class=\"elementor-widget-container\">\n\t\t\t\t\t\t\t<p><span style=\"text-decoration: underline;\"><span style=\"color: #000000; text-decoration: underline;\">Tarifs :<\/span><\/span> <a href=\"http:\/\/pro.citemomes.fr\/index.php\/contact\/\">Devis disponible sur demande par t\u00e9l\u00e9phone ou par mail. (contacter ici !)<\/a><\/p>\t\t\t\t\t\t<\/div>\n\t\t\t\t<\/div>\n\t\t\t\t\t<\/div>\n\t\t<\/div>\n\t\t\t\t\t<\/div>\n\t\t<\/section>\n\t\t\t\t<\/div>\n\t\t","protected":false},"excerpt":{"rendered":"<p>Les arbres \u00e0 bo\u00eetes de Cit\u00e9m\u00f4mes, ce sont des animations d\u2019un style diff\u00e9rent, qui \u00e0 partir d\u2019un concept novateur, permettent de sensibiliser les enfants \u00e0 leur environnement et au monde qui les entoure. Entre exposition itin\u00e9rante, spectacle et atelier p\u00e9dagogique, cet outil \u00e0 la fois interactif et ludique a, depuis sa cr\u00e9ation, \u00e9t\u00e9 de nombreuses&hellip; <a href=\"https:\/\/pro.citemomes.fr\/index.php\/les-arbres-a-boites\/\" class=\"more-link\">Lire la suite <span class=\"screen-reader-text\">Les arbres \u00e0 bo\u00eetes<\/span><\/a><\/p>\n","protected":false},"author":1,"featured_media":0,"parent":0,"menu_order":0,"comment_status":"closed","ping_status":"closed","template":"elementor_header_footer","meta":[],"yoast_head":"<!-- This site is optimized with the Yoast SEO plugin v21.1 - https:\/\/yoast.com\/wordpress\/plugins\/seo\/ -->\n<title>Les arbres \u00e0 bo\u00eetes - Cit\u00e9m\u00f4mes<\/title>\n<meta name=\"description\" content=\"Les arbres \u00e0 bo\u00eetes de Cit\u00e9m\u00f4mes, ce sont des animations d\u2019un style diff\u00e9rent, qui \u00e0 partir d\u2019un concept novateur, permettent de sensibiliser les enfants \u00e0 leur environnement et au monde qui les entoure. Entre exposition itin\u00e9rante, spectacle et atelier p\u00e9dagogique, cet outil \u00e0 la fois interactif et ludique a, depuis sa cr\u00e9ation, \u00e9t\u00e9 de nombreuses fois r\u00e9compens\u00e9 et labellis\u00e9.\" \/>\n<meta name=\"robots\" content=\"index, follow, max-snippet:-1, max-image-preview:large, max-video-preview:-1\" \/>\n<link rel=\"canonical\" href=\"https:\/\/pro.citemomes.fr\/index.php\/les-arbres-a-boites\/\" \/>\n<meta property=\"og:locale\" content=\"fr_FR\" \/>\n<meta property=\"og:type\" content=\"article\" \/>\n<meta property=\"og:title\" content=\"Les arbres \u00e0 bo\u00eetes - Cit\u00e9m\u00f4mes\" \/>\n<meta property=\"og:description\" content=\"Les arbres \u00e0 bo\u00eetes de Cit\u00e9m\u00f4mes, ce sont des animations d\u2019un style diff\u00e9rent, qui \u00e0 partir d\u2019un concept novateur, permettent de sensibiliser les enfants \u00e0 leur environnement et au monde qui les entoure. Entre exposition itin\u00e9rante, spectacle et atelier p\u00e9dagogique, cet outil \u00e0 la fois interactif et ludique a, depuis sa cr\u00e9ation, \u00e9t\u00e9 de nombreuses fois r\u00e9compens\u00e9 et labellis\u00e9.\" \/>\n<meta property=\"og:url\" content=\"https:\/\/pro.citemomes.fr\/index.php\/les-arbres-a-boites\/\" \/>\n<meta property=\"og:site_name\" content=\"Cit\u00e9m\u00f4mes\" \/>\n<meta property=\"article:modified_time\" content=\"2022-09-07T10:43:20+00:00\" \/>\n<meta name=\"twitter:card\" content=\"summary_large_image\" \/>\n<meta name=\"twitter:label1\" content=\"Dur\u00e9e de lecture estim\u00e9e\" \/>\n\t<meta name=\"twitter:data1\" content=\"3 minutes\" \/>\n<script type=\"application\/ld+json\" class=\"yoast-schema-graph\">{\"@context\":\"https:\/\/schema.org\",\"@graph\":[{\"@type\":\"WebPage\",\"@id\":\"https:\/\/pro.citemomes.fr\/index.php\/les-arbres-a-boites\/\",\"url\":\"https:\/\/pro.citemomes.fr\/index.php\/les-arbres-a-boites\/\",\"name\":\"Les arbres \u00e0 bo\u00eetes - Cit\u00e9m\u00f4mes\",\"isPartOf\":{\"@id\":\"https:\/\/pro.citemomes.fr\/#website\"},\"datePublished\":\"2021-02-19T08:34:53+00:00\",\"dateModified\":\"2022-09-07T10:43:20+00:00\",\"description\":\"Les arbres \u00e0 bo\u00eetes de Cit\u00e9m\u00f4mes, ce sont des animations d\u2019un style diff\u00e9rent, qui \u00e0 partir d\u2019un concept novateur, permettent de sensibiliser les enfants \u00e0 leur environnement et au monde qui les entoure. Entre exposition itin\u00e9rante, spectacle et atelier p\u00e9dagogique, cet outil \u00e0 la fois interactif et ludique a, depuis sa cr\u00e9ation, \u00e9t\u00e9 de nombreuses fois r\u00e9compens\u00e9 et labellis\u00e9.\",\"breadcrumb\":{\"@id\":\"https:\/\/pro.citemomes.fr\/index.php\/les-arbres-a-boites\/#breadcrumb\"},\"inLanguage\":\"fr-FR\",\"potentialAction\":[{\"@type\":\"ReadAction\",\"target\":[\"https:\/\/pro.citemomes.fr\/index.php\/les-arbres-a-boites\/\"]}]},{\"@type\":\"BreadcrumbList\",\"@id\":\"https:\/\/pro.citemomes.fr\/index.php\/les-arbres-a-boites\/#breadcrumb\",\"itemListElement\":[{\"@type\":\"ListItem\",\"position\":1,\"name\":\"Accueil\",\"item\":\"https:\/\/pro.citemomes.fr\/\"},{\"@type\":\"ListItem\",\"position\":2,\"name\":\"Les arbres \u00e0 bo\u00eetes\"}]},{\"@type\":\"WebSite\",\"@id\":\"https:\/\/pro.citemomes.fr\/#website\",\"url\":\"https:\/\/pro.citemomes.fr\/\",\"name\":\"Cit\u00e9m\u00f4mes\",\"description\":\"D\u00e9couvrir, cr\u00e9er, r\u00eaver\",\"publisher\":{\"@id\":\"https:\/\/pro.citemomes.fr\/#organization\"},\"potentialAction\":[{\"@type\":\"SearchAction\",\"target\":{\"@type\":\"EntryPoint\",\"urlTemplate\":\"https:\/\/pro.citemomes.fr\/?s={search_term_string}\"},\"query-input\":\"required name=search_term_string\"}],\"inLanguage\":\"fr-FR\"},{\"@type\":\"Organization\",\"@id\":\"https:\/\/pro.citemomes.fr\/#organization\",\"name\":\"Cit\u00e9m\u00f4mes\",\"url\":\"https:\/\/pro.citemomes.fr\/\",\"logo\":{\"@type\":\"ImageObject\",\"inLanguage\":\"fr-FR\",\"@id\":\"https:\/\/pro.citemomes.fr\/#\/schema\/logo\/image\/\",\"url\":\"https:\/\/pro.citemomes.fr\/wp-content\/uploads\/2021\/03\/cropped-Baniere-haut-definition-1.png\",\"contentUrl\":\"https:\/\/pro.citemomes.fr\/wp-content\/uploads\/2021\/03\/cropped-Baniere-haut-definition-1.png\",\"width\":518,\"height\":286,\"caption\":\"Cit\u00e9m\u00f4mes\"},\"image\":{\"@id\":\"https:\/\/pro.citemomes.fr\/#\/schema\/logo\/image\/\"}}]}<\/script>\n<!-- \/ Yoast SEO plugin. -->","yoast_head_json":{"title":"Les arbres \u00e0 bo\u00eetes - Cit\u00e9m\u00f4mes","description":"Les arbres \u00e0 bo\u00eetes de Cit\u00e9m\u00f4mes, ce sont des animations d\u2019un style diff\u00e9rent, qui \u00e0 partir d\u2019un concept novateur, permettent de sensibiliser les enfants \u00e0 leur environnement et au monde qui les entoure. Entre exposition itin\u00e9rante, spectacle et atelier p\u00e9dagogique, cet outil \u00e0 la fois interactif et ludique a, depuis sa cr\u00e9ation, \u00e9t\u00e9 de nombreuses fois r\u00e9compens\u00e9 et labellis\u00e9.","robots":{"index":"index","follow":"follow","max-snippet":"max-snippet:-1","max-image-preview":"max-image-preview:large","max-video-preview":"max-video-preview:-1"},"canonical":"https:\/\/pro.citemomes.fr\/index.php\/les-arbres-a-boites\/","og_locale":"fr_FR","og_type":"article","og_title":"Les arbres \u00e0 bo\u00eetes - Cit\u00e9m\u00f4mes","og_description":"Les arbres \u00e0 bo\u00eetes de Cit\u00e9m\u00f4mes, ce sont des animations d\u2019un style diff\u00e9rent, qui \u00e0 partir d\u2019un concept novateur, permettent de sensibiliser les enfants \u00e0 leur environnement et au monde qui les entoure. Entre exposition itin\u00e9rante, spectacle et atelier p\u00e9dagogique, cet outil \u00e0 la fois interactif et ludique a, depuis sa cr\u00e9ation, \u00e9t\u00e9 de nombreuses fois r\u00e9compens\u00e9 et labellis\u00e9.","og_url":"https:\/\/pro.citemomes.fr\/index.php\/les-arbres-a-boites\/","og_site_name":"Cit\u00e9m\u00f4mes","article_modified_time":"2022-09-07T10:43:20+00:00","twitter_card":"summary_large_image","twitter_misc":{"Dur\u00e9e de lecture estim\u00e9e":"3 minutes"},"schema":{"@context":"https:\/\/schema.org","@graph":[{"@type":"WebPage","@id":"https:\/\/pro.citemomes.fr\/index.php\/les-arbres-a-boites\/","url":"https:\/\/pro.citemomes.fr\/index.php\/les-arbres-a-boites\/","name":"Les arbres \u00e0 bo\u00eetes - Cit\u00e9m\u00f4mes","isPartOf":{"@id":"https:\/\/pro.citemomes.fr\/#website"},"datePublished":"2021-02-19T08:34:53+00:00","dateModified":"2022-09-07T10:43:20+00:00","description":"Les arbres \u00e0 bo\u00eetes de Cit\u00e9m\u00f4mes, ce sont des animations d\u2019un style diff\u00e9rent, qui \u00e0 partir d\u2019un concept novateur, permettent de sensibiliser les enfants \u00e0 leur environnement et au monde qui les entoure. Entre exposition itin\u00e9rante, spectacle et atelier p\u00e9dagogique, cet outil \u00e0 la fois interactif et ludique a, depuis sa cr\u00e9ation, \u00e9t\u00e9 de nombreuses fois r\u00e9compens\u00e9 et labellis\u00e9.","breadcrumb":{"@id":"https:\/\/pro.citemomes.fr\/index.php\/les-arbres-a-boites\/#breadcrumb"},"inLanguage":"fr-FR","potentialAction":[{"@type":"ReadAction","target":["https:\/\/pro.citemomes.fr\/index.php\/les-arbres-a-boites\/"]}]},{"@type":"BreadcrumbList","@id":"https:\/\/pro.citemomes.fr\/index.php\/les-arbres-a-boites\/#breadcrumb","itemListElement":[{"@type":"ListItem","position":1,"name":"Accueil","item":"https:\/\/pro.citemomes.fr\/"},{"@type":"ListItem","position":2,"name":"Les arbres \u00e0 bo\u00eetes"}]},{"@type":"WebSite","@id":"https:\/\/pro.citemomes.fr\/#website","url":"https:\/\/pro.citemomes.fr\/","name":"Cit\u00e9m\u00f4mes","description":"D\u00e9couvrir, cr\u00e9er, r\u00eaver","publisher":{"@id":"https:\/\/pro.citemomes.fr\/#organization"},"potentialAction":[{"@type":"SearchAction","target":{"@type":"EntryPoint","urlTemplate":"https:\/\/pro.citemomes.fr\/?s={search_term_string}"},"query-input":"required name=search_term_string"}],"inLanguage":"fr-FR"},{"@type":"Organization","@id":"https:\/\/pro.citemomes.fr\/#organization","name":"Cit\u00e9m\u00f4mes","url":"https:\/\/pro.citemomes.fr\/","logo":{"@type":"ImageObject","inLanguage":"fr-FR","@id":"https:\/\/pro.citemomes.fr\/#\/schema\/logo\/image\/","url":"https:\/\/pro.citemomes.fr\/wp-content\/uploads\/2021\/03\/cropped-Baniere-haut-definition-1.png","contentUrl":"https:\/\/pro.citemomes.fr\/wp-content\/uploads\/2021\/03\/cropped-Baniere-haut-definition-1.png","width":518,"height":286,"caption":"Cit\u00e9m\u00f4mes"},"image":{"@id":"https:\/\/pro.citemomes.fr\/#\/schema\/logo\/image\/"}}]}},"_links":{"self":[{"href":"https:\/\/pro.citemomes.fr\/index.php\/wp-json\/wp\/v2\/pages\/45"}],"collection":[{"href":"https:\/\/pro.citemomes.fr\/index.php\/wp-json\/wp\/v2\/pages"}],"about":[{"href":"https:\/\/pro.citemomes.fr\/index.php\/wp-json\/wp\/v2\/types\/page"}],"author":[{"embeddable":true,"href":"https:\/\/pro.citemomes.fr\/index.php\/wp-json\/wp\/v2\/users\/1"}],"replies":[{"embeddable":true,"href":"https:\/\/pro.citemomes.fr\/index.php\/wp-json\/wp\/v2\/comments?post=45"}],"version-history":[{"count":98,"href":"https:\/\/pro.citemomes.fr\/index.php\/wp-json\/wp\/v2\/pages\/45\/revisions"}],"predecessor-version":[{"id":2143,"href":"https:\/\/pro.citemomes.fr\/index.php\/wp-json\/wp\/v2\/pages\/45\/revisions\/2143"}],"wp:attachment":[{"href":"https:\/\/pro.citemomes.fr\/index.php\/wp-json\/wp\/v2\/media?parent=45"}],"curies":[{"name":"wp","href":"https:\/\/api.w.org\/{rel}","templated":true}]}}