{"id":291,"date":"2021-04-15T16:52:04","date_gmt":"2021-04-15T14:52:04","guid":{"rendered":"http:\/\/pro.citemomes.fr\/?page_id=291"},"modified":"2022-09-07T12:51:45","modified_gmt":"2022-09-07T10:51:45","slug":"nos-ateliers","status":"publish","type":"page","link":"https:\/\/pro.citemomes.fr\/index.php\/nos-ateliers\/","title":{"rendered":"Nos ateliers"},"content":{"rendered":"\t\t<div data-elementor-type=\"wp-page\" data-elementor-id=\"291\" class=\"elementor elementor-291\">\n\t\t\t\t\t\t<section class=\"elementor-section elementor-top-section elementor-element elementor-element-9ea02b4 elementor-section-boxed elementor-section-height-default elementor-section-height-default\" data-id=\"9ea02b4\" data-element_type=\"section\">\n\t\t\t\t\t\t<div class=\"elementor-container elementor-column-gap-default\">\n\t\t\t\t\t<div class=\"elementor-column elementor-col-100 elementor-top-column elementor-element elementor-element-310f79e\" data-id=\"310f79e\" data-element_type=\"column\">\n\t\t\t<div class=\"elementor-widget-wrap\">\n\t\t\t\t\t\t\t<\/div>\n\t\t<\/div>\n\t\t\t\t\t<\/div>\n\t\t<\/section>\n\t\t\t\t<section class=\"elementor-section elementor-top-section elementor-element elementor-element-7603895 elementor-hidden-tablet elementor-hidden-phone elementor-section-boxed elementor-section-height-default elementor-section-height-default\" data-id=\"7603895\" data-element_type=\"section\">\n\t\t\t\t\t\t<div class=\"elementor-container elementor-column-gap-default\">\n\t\t\t\t\t<div class=\"elementor-column elementor-col-100 elementor-top-column elementor-element elementor-element-b47ebbf\" data-id=\"b47ebbf\" data-element_type=\"column\">\n\t\t\t<div class=\"elementor-widget-wrap elementor-element-populated\">\n\t\t\t\t\t\t<div class=\"elementor-element elementor-element-eda739a elementor-widget elementor-widget-text-editor\" data-id=\"eda739a\" data-element_type=\"widget\" data-widget_type=\"text-editor.default\">\n\t\t\t\t<div class=\"elementor-widget-container\">\n\t\t\t\t\t\t\t<p style=\"text-align: center;\"><strong>L&rsquo;\u00e9quipe de <em>Cit\u00e9m\u00f4mes<\/em> intervient toute l\u2019ann\u00e9e aupr\u00e8s de vos diverses structures dans le cadre de prestations \u00e9v\u00e9nementielles et d\u2019ateliers cr\u00e9atifs et culturels.&nbsp;<\/strong><\/p>\n<p style=\"text-align: center;\">Depuis sa cr\u00e9ation, notre association travaille aussi bien dans avec le milieu scolaire (\u00e9coles, coll\u00e8ges, lyc\u00e9es\u2026) que les EHPAD, les mus\u00e9es, les biblioth\u00e8ques et centres de loisirs, et propose des ateliers \u00e0 th\u00e8mes \u00e0 partir d\u2019un projet p\u00e9dagogique ou d\u2019une exposition.&nbsp;<\/p>\n<p style=\"text-align: center;\">Aujourd\u2019hui, forts de 14 ans d&rsquo;existence et exp\u00e9rience, nous vous proposons tout un catalogue d\u2019ateliers test\u00e9s et approuv\u00e9s !<\/p>\t\t\t\t\t\t<\/div>\n\t\t\t\t<\/div>\n\t\t\t\t<div class=\"elementor-element elementor-element-5abd3bd elementor-widget elementor-widget-text-editor\" data-id=\"5abd3bd\" data-element_type=\"widget\" data-widget_type=\"text-editor.default\">\n\t\t\t\t<div class=\"elementor-widget-container\">\n\t\t\t\t\t\t\t<p style=\"text-align: center;\"><span style=\"color: #000000;\"><strong>\u00a0<\/strong><\/span><\/p><p style=\"text-align: center;\"><span style=\"color: #000000;\"><strong>Chaque atelier peut \u00eatre adapt\u00e9 au niveau et \u00e0 l\u2019\u00e2ge des participants ainsi qu\u2019aux projets et attentes de votre structure.<\/strong><\/span><\/p><p>\u00a0<\/p>\t\t\t\t\t\t<\/div>\n\t\t\t\t<\/div>\n\t\t\t\t<div class=\"elementor-element elementor-element-ea796c8 elementor-widget elementor-widget-image\" data-id=\"ea796c8\" data-element_type=\"widget\" data-widget_type=\"image.default\">\n\t\t\t\t<div class=\"elementor-widget-container\">\n\t\t\t\t\t\t\t\t\t\t\t\t\t<img fetchpriority=\"high\" decoding=\"async\" width=\"825\" height=\"159\" src=\"https:\/\/pro.citemomes.fr\/wp-content\/uploads\/2021\/10\/Capture-de\u0301cran-2021-10-26-a\u0300-14.45.52-1024x197.png\" class=\"attachment-large size-large wp-image-1620\" alt=\"\" srcset=\"https:\/\/pro.citemomes.fr\/wp-content\/uploads\/2021\/10\/Capture-de\u0301cran-2021-10-26-a\u0300-14.45.52-1024x197.png 1024w, https:\/\/pro.citemomes.fr\/wp-content\/uploads\/2021\/10\/Capture-de\u0301cran-2021-10-26-a\u0300-14.45.52-300x58.png 300w, https:\/\/pro.citemomes.fr\/wp-content\/uploads\/2021\/10\/Capture-de\u0301cran-2021-10-26-a\u0300-14.45.52-768x148.png 768w, https:\/\/pro.citemomes.fr\/wp-content\/uploads\/2021\/10\/Capture-de\u0301cran-2021-10-26-a\u0300-14.45.52-1536x295.png 1536w, https:\/\/pro.citemomes.fr\/wp-content\/uploads\/2021\/10\/Capture-de\u0301cran-2021-10-26-a\u0300-14.45.52-2048x393.png 2048w\" sizes=\"(max-width: 825px) 100vw, 825px\" \/>\t\t\t\t\t\t\t\t\t\t\t\t\t<\/div>\n\t\t\t\t<\/div>\n\t\t\t\t<div class=\"elementor-element elementor-element-abc6538 elementor-widget elementor-widget-text-editor\" data-id=\"abc6538\" data-element_type=\"widget\" data-widget_type=\"text-editor.default\">\n\t\t\t\t<div class=\"elementor-widget-container\">\n\t\t\t\t\t\t\t<h2 style=\"font-size: 20px;\"><span style=\"color: #008080;\">\u00a0<\/span><\/h2><h2 style=\"font-size: 20px;\"><span style=\"color: #008080;\">Les objectifs p\u00e9dagogiques de nos ateliers :<\/span><\/h2><ul><li><strong>\u00c9veiller<\/strong> les publics \u00e0 l\u2019art et \u00e0 la cr\u00e9ation par des ateliers ludiques,<\/li><li><strong>Utiliser<\/strong> l\u2019art et la cr\u00e9ation artistique comme passerelle pour permettre de <strong>d\u00e9couvrir<\/strong> le monde qui nous entoure,<\/li><li><strong>Cr\u00e9er<\/strong> des moments de convivialit\u00e9 o\u00f9 les enfants et participants de tous \u00e2ges se sentent accompagn\u00e9s et en confiance,<\/li><li><strong>Permettre<\/strong> la d\u00e9couverte de nouveaux univers : mat\u00e9riaux, outils, th\u00e9matiques, etc.<\/li><li><strong>Sensibiliser<\/strong> \u00e0 la r\u00e9cup\u00e9ration et au \u00e9co-gestes en favorisant les fournitures \u00ab r\u00e9cup&rsquo; \u00bb (papiers, objets, cartons, etc.),<\/li><li><strong>Valoriser<\/strong> les cr\u00e9ations de chacun par la mani\u00e8re de les pr\u00e9senter (des petites finitions, des mat\u00e9riaux sp\u00e9cifiques&#8230;)&#8230; Pour que chaque participant soit fier de son travail !<\/li><\/ul>\t\t\t\t\t\t<\/div>\n\t\t\t\t<\/div>\n\t\t\t\t<div class=\"elementor-element elementor-element-336fed6 elementor-widget elementor-widget-text-editor\" data-id=\"336fed6\" data-element_type=\"widget\" data-widget_type=\"text-editor.default\">\n\t\t\t\t<div class=\"elementor-widget-container\">\n\t\t\t\t\t\t\t<h2 style=\"font-size: 20px; text-align: center;\"><span style=\"color: #000000;\">\u2b50\ufe0f D\u00e9couvrez bient\u00f4t la liste de nos ateliers et partez pour un voyage cr\u00e9atif\u00a0!<\/span><\/h2>\t\t\t\t\t\t<\/div>\n\t\t\t\t<\/div>\n\t\t\t\t<div class=\"elementor-element elementor-element-e3ae3b2 elementor-widget elementor-widget-text-editor\" data-id=\"e3ae3b2\" data-element_type=\"widget\" data-widget_type=\"text-editor.default\">\n\t\t\t\t<div class=\"elementor-widget-container\">\n\t\t\t\t\t\t\t<h2 style=\"font-size: 20px; text-align: center;\"><span style=\"color: #008080;\">\u2b50\ufe0f Voici l&rsquo;une de nos sp\u00e9cialit\u00e9s : <span style=\"text-decoration: underline;\"><a href=\"http:\/\/pro.citemomes.fr\/index.php\/atelier-minute\/\">les ateliers-minute<\/a><\/span> <a href=\"http:\/\/pro.citemomes.fr\/index.php\/atelier-minute\/\">!<\/a><\/span><\/h2>\t\t\t\t\t\t<\/div>\n\t\t\t\t<\/div>\n\t\t\t\t<div class=\"elementor-element elementor-element-5a9374c elementor-widget elementor-widget-text-editor\" data-id=\"5a9374c\" data-element_type=\"widget\" data-widget_type=\"text-editor.default\">\n\t\t\t\t<div class=\"elementor-widget-container\">\n\t\t\t\t\t\t\t<h2 style=\"font-size: 20px; text-align: center;\"><span style=\"color: #000000;\">\u2b50\ufe0f Les ateliers CRED, <a href=\"https:\/\/pro.citemomes.fr\/index.php\/ateliers-cred76\/\"><span style=\"text-decoration: underline;\">c\u2019est par ici<\/span> <\/a>! <\/span><\/h2>\t\t\t\t\t\t<\/div>\n\t\t\t\t<\/div>\n\t\t\t\t<div class=\"elementor-element elementor-element-4028390 elementor-widget elementor-widget-text-editor\" data-id=\"4028390\" data-element_type=\"widget\" data-widget_type=\"text-editor.default\">\n\t\t\t\t<div class=\"elementor-widget-container\">\n\t\t\t\t\t\t\t<h2 style=\"font-size: 20px; text-align: center;\"><span style=\"color: #008080;\">\u2b50\ufe0f Une envie d\u2019atelier sur-mesure ? Contactez-nous&nbsp;!<\/span><\/h2>\t\t\t\t\t\t<\/div>\n\t\t\t\t<\/div>\n\t\t\t\t\t<\/div>\n\t\t<\/div>\n\t\t\t\t\t<\/div>\n\t\t<\/section>\n\t\t\t\t<section class=\"elementor-section elementor-top-section elementor-element elementor-element-29c1ab2 elementor-hidden-desktop elementor-section-boxed elementor-section-height-default elementor-section-height-default\" data-id=\"29c1ab2\" data-element_type=\"section\">\n\t\t\t\t\t\t<div class=\"elementor-container elementor-column-gap-default\">\n\t\t\t\t\t<div class=\"elementor-column elementor-col-100 elementor-top-column elementor-element elementor-element-903a62d\" data-id=\"903a62d\" data-element_type=\"column\">\n\t\t\t<div class=\"elementor-widget-wrap elementor-element-populated\">\n\t\t\t\t\t\t<div class=\"elementor-element elementor-element-723b951 elementor-widget elementor-widget-text-editor\" data-id=\"723b951\" data-element_type=\"widget\" data-widget_type=\"text-editor.default\">\n\t\t\t\t<div class=\"elementor-widget-container\">\n\t\t\t\t\t\t\t<p>Nous intervenons toute l\u2019ann\u00e9e aupr\u00e8s de vos diverses structures dans le cadre de prestations \u00e9v\u00e9nementielles et d\u2019ateliers cr\u00e9atifs et culturels.\u00a0<\/p><p>Depuis sa cr\u00e9ation, notre association intervient aussi bien dans le milieu scolaire (\u00e9coles, coll\u00e8ges\u2026) que dans les mus\u00e9es, les biblioth\u00e8ques et centres de loisirs pour proposer des ateliers \u00e0 th\u00e8mes \u00e0 partir d\u2019un projet p\u00e9dagogique ou d\u2019une exposition. Aujourd\u2019hui, gr\u00e2ce \u00e0 notre exp\u00e9rience nous vous proposons tout un catalogue d\u2019ateliers test\u00e9 aupr\u00e8s des enfants et approuv\u00e9 !<\/p>\t\t\t\t\t\t<\/div>\n\t\t\t\t<\/div>\n\t\t\t\t<div class=\"elementor-element elementor-element-7b81d7d elementor-widget elementor-widget-text-editor\" data-id=\"7b81d7d\" data-element_type=\"widget\" data-widget_type=\"text-editor.default\">\n\t\t\t\t<div class=\"elementor-widget-container\">\n\t\t\t\t\t\t\t<p style=\"text-align: center;\"><strong><span style=\"color: #008080;\">Chaque atelier peut \u00eatre adapt\u00e9 au niveau et \u00e0 l\u2019\u00e2ge des enfants participants ainsi qu\u2019au projet et aux attentes de votre structure.<\/span><\/strong><\/p>\t\t\t\t\t\t<\/div>\n\t\t\t\t<\/div>\n\t\t\t\t<div class=\"elementor-element elementor-element-7c769c3 elementor-widget elementor-widget-text-editor\" data-id=\"7c769c3\" data-element_type=\"widget\" data-widget_type=\"text-editor.default\">\n\t\t\t\t<div class=\"elementor-widget-container\">\n\t\t\t\t\t\t\t<p style=\"text-align: center;\">photos<\/p>\t\t\t\t\t\t<\/div>\n\t\t\t\t<\/div>\n\t\t\t\t<div class=\"elementor-element elementor-element-0d1f9cc elementor-widget elementor-widget-text-editor\" data-id=\"0d1f9cc\" data-element_type=\"widget\" data-widget_type=\"text-editor.default\">\n\t\t\t\t<div class=\"elementor-widget-container\">\n\t\t\t\t\t\t\t<h2 style=\"font-size: 20px;\"><span style=\"color: #008080;\">Les objectifs p\u00e9dagogiques de nos ateliers :<\/span><\/h2><ul><li style=\"list-style-type: none;\"><ul><li style=\"list-style-type: none;\"><ul><li>\u00c9veiller les enfants \u00e0 l\u2019art et \u00e0 la cr\u00e9ation par des ateliers ludiques,<\/li><li>Utiliser l\u2019art et la cr\u00e9ation artistique comme passerelle pour permettre de d\u00e9couvrir le monde qui nous entoure,<\/li><li>\u00a0Cr\u00e9er des moments de convivialit\u00e9 o\u00f9 l\u2019enfant se sent accompagn\u00e9 et en confiance,<\/li><li>Leur faire d\u00e9couvrir de nouveaux univers : mat\u00e9riaux, outils, th\u00e9matiques,<\/li><li>Les sensibiliser aussi \u00e0 la r\u00e9cup\u00e9ration en favorisant les fournitures \u00abr\u00e9cup\u00bb (papiers, objets\u2026),<\/li><li>Le but est que les enfants r\u00e9alisent eux-m\u00eames leurs \u0153uvres. Notre objectif est de valoriser leurs cr\u00e9ations par la mani\u00e8re de les pr\u00e9senter (des petites finitions, des mat\u00e9riaux sp\u00e9cifiques) pour que les enfants soient fiers de leur travail !<\/li><\/ul><\/li><\/ul><\/li><\/ul>\t\t\t\t\t\t<\/div>\n\t\t\t\t<\/div>\n\t\t\t\t<div class=\"elementor-element elementor-element-b2769e7 elementor-widget elementor-widget-text-editor\" data-id=\"b2769e7\" data-element_type=\"widget\" data-widget_type=\"text-editor.default\">\n\t\t\t\t<div class=\"elementor-widget-container\">\n\t\t\t\t\t\t\t<h2 style=\"font-size: 20px;\"><span style=\"color: #008080;\">D\u00e9couvrez la liste de nos ateliers et partez pour un voyage cr\u00e9atif ! C\u2019est par ici !<br \/><\/span><\/h2><p>(lien page atelier = faire texte et catalogue entr\u00e9e voyage)<\/p>\t\t\t\t\t\t<\/div>\n\t\t\t\t<\/div>\n\t\t\t\t<div class=\"elementor-element elementor-element-c967e83 elementor-widget elementor-widget-text-editor\" data-id=\"c967e83\" data-element_type=\"widget\" data-widget_type=\"text-editor.default\">\n\t\t\t\t<div class=\"elementor-widget-container\">\n\t\t\t\t\t\t\t<h2 style=\"font-size: 20px;\"><span style=\"color: #008080;\">Voici l&rsquo;une de nos sp\u00e9cialit\u00e9s : les ateliers minutes ! C\u2019est par l\u00e0 ! <br \/><\/span><\/h2><p>(lien page atelier-minute)<\/p>\t\t\t\t\t\t<\/div>\n\t\t\t\t<\/div>\n\t\t\t\t<div class=\"elementor-element elementor-element-e8e90e3 elementor-widget elementor-widget-text-editor\" data-id=\"e8e90e3\" data-element_type=\"widget\" data-widget_type=\"text-editor.default\">\n\t\t\t\t<div class=\"elementor-widget-container\">\n\t\t\t\t\t\t\t<h2 style=\"font-size: 20px;\"><span style=\"color: #008080;\">Les ateliers CRED, c\u2019est par ici ! <\/span><\/h2>\t\t\t\t\t\t<\/div>\n\t\t\t\t<\/div>\n\t\t\t\t<div class=\"elementor-element elementor-element-405f72c elementor-widget elementor-widget-text-editor\" data-id=\"405f72c\" data-element_type=\"widget\" data-widget_type=\"text-editor.default\">\n\t\t\t\t<div class=\"elementor-widget-container\">\n\t\t\t\t\t\t\t<h2 style=\"font-size: 20px;\"><span style=\"color: #008080;\">Une envie d\u2019atelier sur-mesure,<a href=\"http:\/\/pro.citemomes.fr\/index.php\/sur-mesure\/\"> cliquez ici !<\/a><\/span><\/h2>\t\t\t\t\t\t<\/div>\n\t\t\t\t<\/div>\n\t\t\t\t\t<\/div>\n\t\t<\/div>\n\t\t\t\t\t<\/div>\n\t\t<\/section>\n\t\t\t\t<\/div>\n\t\t","protected":false},"excerpt":{"rendered":"<p>L&rsquo;\u00e9quipe de Cit\u00e9m\u00f4mes intervient toute l\u2019ann\u00e9e aupr\u00e8s de vos diverses structures dans le cadre de prestations \u00e9v\u00e9nementielles et d\u2019ateliers cr\u00e9atifs et culturels.&nbsp; Depuis sa cr\u00e9ation, notre association travaille aussi bien dans avec le milieu scolaire (\u00e9coles, coll\u00e8ges, lyc\u00e9es\u2026) que les EHPAD, les mus\u00e9es, les biblioth\u00e8ques et centres de loisirs, et propose des ateliers \u00e0 th\u00e8mes&hellip; <a href=\"https:\/\/pro.citemomes.fr\/index.php\/nos-ateliers\/\" class=\"more-link\">Lire la suite <span class=\"screen-reader-text\">Nos ateliers<\/span><\/a><\/p>\n","protected":false},"author":1,"featured_media":0,"parent":0,"menu_order":0,"comment_status":"closed","ping_status":"closed","template":"elementor_header_footer","meta":[],"yoast_head":"<!-- This site is optimized with the Yoast SEO plugin v21.1 - https:\/\/yoast.com\/wordpress\/plugins\/seo\/ -->\n<title>Nos ateliers - Cit\u00e9m\u00f4mes<\/title>\n<meta name=\"description\" content=\"L\u2019\u00e9quipe de Cit\u00e9m\u00f4mes intervient toute l\u2019ann\u00e9e aupr\u00e8s de vos diverses structures dans le cadre de prestations \u00e9v\u00e9nementielles et d\u2019ateliers cr\u00e9atifs et culturels.\" \/>\n<meta name=\"robots\" content=\"index, follow, max-snippet:-1, max-image-preview:large, max-video-preview:-1\" \/>\n<link rel=\"canonical\" href=\"https:\/\/pro.citemomes.fr\/index.php\/nos-ateliers\/\" \/>\n<meta property=\"og:locale\" content=\"fr_FR\" \/>\n<meta property=\"og:type\" content=\"article\" \/>\n<meta property=\"og:title\" content=\"Nos ateliers - Cit\u00e9m\u00f4mes\" \/>\n<meta property=\"og:description\" content=\"L\u2019\u00e9quipe de Cit\u00e9m\u00f4mes intervient toute l\u2019ann\u00e9e aupr\u00e8s de vos diverses structures dans le cadre de prestations \u00e9v\u00e9nementielles et d\u2019ateliers cr\u00e9atifs et culturels.\" \/>\n<meta property=\"og:url\" content=\"https:\/\/pro.citemomes.fr\/index.php\/nos-ateliers\/\" \/>\n<meta property=\"og:site_name\" content=\"Cit\u00e9m\u00f4mes\" \/>\n<meta property=\"article:modified_time\" content=\"2022-09-07T10:51:45+00:00\" \/>\n<meta name=\"twitter:card\" content=\"summary_large_image\" \/>\n<meta name=\"twitter:label1\" content=\"Dur\u00e9e de lecture estim\u00e9e\" \/>\n\t<meta name=\"twitter:data1\" content=\"3 minutes\" \/>\n<script type=\"application\/ld+json\" class=\"yoast-schema-graph\">{\"@context\":\"https:\/\/schema.org\",\"@graph\":[{\"@type\":\"WebPage\",\"@id\":\"https:\/\/pro.citemomes.fr\/index.php\/nos-ateliers\/\",\"url\":\"https:\/\/pro.citemomes.fr\/index.php\/nos-ateliers\/\",\"name\":\"Nos ateliers - Cit\u00e9m\u00f4mes\",\"isPartOf\":{\"@id\":\"https:\/\/pro.citemomes.fr\/#website\"},\"datePublished\":\"2021-04-15T14:52:04+00:00\",\"dateModified\":\"2022-09-07T10:51:45+00:00\",\"description\":\"L\u2019\u00e9quipe de Cit\u00e9m\u00f4mes intervient toute l\u2019ann\u00e9e aupr\u00e8s de vos diverses structures dans le cadre de prestations \u00e9v\u00e9nementielles et d\u2019ateliers cr\u00e9atifs et culturels.\",\"breadcrumb\":{\"@id\":\"https:\/\/pro.citemomes.fr\/index.php\/nos-ateliers\/#breadcrumb\"},\"inLanguage\":\"fr-FR\",\"potentialAction\":[{\"@type\":\"ReadAction\",\"target\":[\"https:\/\/pro.citemomes.fr\/index.php\/nos-ateliers\/\"]}]},{\"@type\":\"BreadcrumbList\",\"@id\":\"https:\/\/pro.citemomes.fr\/index.php\/nos-ateliers\/#breadcrumb\",\"itemListElement\":[{\"@type\":\"ListItem\",\"position\":1,\"name\":\"Accueil\",\"item\":\"https:\/\/pro.citemomes.fr\/\"},{\"@type\":\"ListItem\",\"position\":2,\"name\":\"Nos ateliers\"}]},{\"@type\":\"WebSite\",\"@id\":\"https:\/\/pro.citemomes.fr\/#website\",\"url\":\"https:\/\/pro.citemomes.fr\/\",\"name\":\"Cit\u00e9m\u00f4mes\",\"description\":\"D\u00e9couvrir, cr\u00e9er, r\u00eaver\",\"publisher\":{\"@id\":\"https:\/\/pro.citemomes.fr\/#organization\"},\"potentialAction\":[{\"@type\":\"SearchAction\",\"target\":{\"@type\":\"EntryPoint\",\"urlTemplate\":\"https:\/\/pro.citemomes.fr\/?s={search_term_string}\"},\"query-input\":\"required name=search_term_string\"}],\"inLanguage\":\"fr-FR\"},{\"@type\":\"Organization\",\"@id\":\"https:\/\/pro.citemomes.fr\/#organization\",\"name\":\"Cit\u00e9m\u00f4mes\",\"url\":\"https:\/\/pro.citemomes.fr\/\",\"logo\":{\"@type\":\"ImageObject\",\"inLanguage\":\"fr-FR\",\"@id\":\"https:\/\/pro.citemomes.fr\/#\/schema\/logo\/image\/\",\"url\":\"https:\/\/pro.citemomes.fr\/wp-content\/uploads\/2021\/03\/cropped-Baniere-haut-definition-1.png\",\"contentUrl\":\"https:\/\/pro.citemomes.fr\/wp-content\/uploads\/2021\/03\/cropped-Baniere-haut-definition-1.png\",\"width\":518,\"height\":286,\"caption\":\"Cit\u00e9m\u00f4mes\"},\"image\":{\"@id\":\"https:\/\/pro.citemomes.fr\/#\/schema\/logo\/image\/\"}}]}<\/script>\n<!-- \/ Yoast SEO plugin. -->","yoast_head_json":{"title":"Nos ateliers - Cit\u00e9m\u00f4mes","description":"L\u2019\u00e9quipe de Cit\u00e9m\u00f4mes intervient toute l\u2019ann\u00e9e aupr\u00e8s de vos diverses structures dans le cadre de prestations \u00e9v\u00e9nementielles et d\u2019ateliers cr\u00e9atifs et culturels.","robots":{"index":"index","follow":"follow","max-snippet":"max-snippet:-1","max-image-preview":"max-image-preview:large","max-video-preview":"max-video-preview:-1"},"canonical":"https:\/\/pro.citemomes.fr\/index.php\/nos-ateliers\/","og_locale":"fr_FR","og_type":"article","og_title":"Nos ateliers - Cit\u00e9m\u00f4mes","og_description":"L\u2019\u00e9quipe de Cit\u00e9m\u00f4mes intervient toute l\u2019ann\u00e9e aupr\u00e8s de vos diverses structures dans le cadre de prestations \u00e9v\u00e9nementielles et d\u2019ateliers cr\u00e9atifs et culturels.","og_url":"https:\/\/pro.citemomes.fr\/index.php\/nos-ateliers\/","og_site_name":"Cit\u00e9m\u00f4mes","article_modified_time":"2022-09-07T10:51:45+00:00","twitter_card":"summary_large_image","twitter_misc":{"Dur\u00e9e de lecture estim\u00e9e":"3 minutes"},"schema":{"@context":"https:\/\/schema.org","@graph":[{"@type":"WebPage","@id":"https:\/\/pro.citemomes.fr\/index.php\/nos-ateliers\/","url":"https:\/\/pro.citemomes.fr\/index.php\/nos-ateliers\/","name":"Nos ateliers - Cit\u00e9m\u00f4mes","isPartOf":{"@id":"https:\/\/pro.citemomes.fr\/#website"},"datePublished":"2021-04-15T14:52:04+00:00","dateModified":"2022-09-07T10:51:45+00:00","description":"L\u2019\u00e9quipe de Cit\u00e9m\u00f4mes intervient toute l\u2019ann\u00e9e aupr\u00e8s de vos diverses structures dans le cadre de prestations \u00e9v\u00e9nementielles et d\u2019ateliers cr\u00e9atifs et culturels.","breadcrumb":{"@id":"https:\/\/pro.citemomes.fr\/index.php\/nos-ateliers\/#breadcrumb"},"inLanguage":"fr-FR","potentialAction":[{"@type":"ReadAction","target":["https:\/\/pro.citemomes.fr\/index.php\/nos-ateliers\/"]}]},{"@type":"BreadcrumbList","@id":"https:\/\/pro.citemomes.fr\/index.php\/nos-ateliers\/#breadcrumb","itemListElement":[{"@type":"ListItem","position":1,"name":"Accueil","item":"https:\/\/pro.citemomes.fr\/"},{"@type":"ListItem","position":2,"name":"Nos ateliers"}]},{"@type":"WebSite","@id":"https:\/\/pro.citemomes.fr\/#website","url":"https:\/\/pro.citemomes.fr\/","name":"Cit\u00e9m\u00f4mes","description":"D\u00e9couvrir, cr\u00e9er, r\u00eaver","publisher":{"@id":"https:\/\/pro.citemomes.fr\/#organization"},"potentialAction":[{"@type":"SearchAction","target":{"@type":"EntryPoint","urlTemplate":"https:\/\/pro.citemomes.fr\/?s={search_term_string}"},"query-input":"required name=search_term_string"}],"inLanguage":"fr-FR"},{"@type":"Organization","@id":"https:\/\/pro.citemomes.fr\/#organization","name":"Cit\u00e9m\u00f4mes","url":"https:\/\/pro.citemomes.fr\/","logo":{"@type":"ImageObject","inLanguage":"fr-FR","@id":"https:\/\/pro.citemomes.fr\/#\/schema\/logo\/image\/","url":"https:\/\/pro.citemomes.fr\/wp-content\/uploads\/2021\/03\/cropped-Baniere-haut-definition-1.png","contentUrl":"https:\/\/pro.citemomes.fr\/wp-content\/uploads\/2021\/03\/cropped-Baniere-haut-definition-1.png","width":518,"height":286,"caption":"Cit\u00e9m\u00f4mes"},"image":{"@id":"https:\/\/pro.citemomes.fr\/#\/schema\/logo\/image\/"}}]}},"_links":{"self":[{"href":"https:\/\/pro.citemomes.fr\/index.php\/wp-json\/wp\/v2\/pages\/291"}],"collection":[{"href":"https:\/\/pro.citemomes.fr\/index.php\/wp-json\/wp\/v2\/pages"}],"about":[{"href":"https:\/\/pro.citemomes.fr\/index.php\/wp-json\/wp\/v2\/types\/page"}],"author":[{"embeddable":true,"href":"https:\/\/pro.citemomes.fr\/index.php\/wp-json\/wp\/v2\/users\/1"}],"replies":[{"embeddable":true,"href":"https:\/\/pro.citemomes.fr\/index.php\/wp-json\/wp\/v2\/comments?post=291"}],"version-history":[{"count":134,"href":"https:\/\/pro.citemomes.fr\/index.php\/wp-json\/wp\/v2\/pages\/291\/revisions"}],"predecessor-version":[{"id":2162,"href":"https:\/\/pro.citemomes.fr\/index.php\/wp-json\/wp\/v2\/pages\/291\/revisions\/2162"}],"wp:attachment":[{"href":"https:\/\/pro.citemomes.fr\/index.php\/wp-json\/wp\/v2\/media?parent=291"}],"curies":[{"name":"wp","href":"https:\/\/api.w.org\/{rel}","templated":true}]}}