{"id":27,"date":"2021-02-19T09:37:08","date_gmt":"2021-02-19T08:37:08","guid":{"rendered":"http:\/\/pro.citemomes.fr\/?page_id=27"},"modified":"2022-09-07T12:41:27","modified_gmt":"2022-09-07T10:41:27","slug":"partenaires","status":"publish","type":"page","link":"https:\/\/pro.citemomes.fr\/index.php\/partenaires\/","title":{"rendered":"Nos partenaires"},"content":{"rendered":"\t\t<div data-elementor-type=\"wp-page\" data-elementor-id=\"27\" class=\"elementor elementor-27\">\n\t\t\t\t\t\t<section class=\"elementor-section elementor-top-section elementor-element elementor-element-1e0bdc6 elementor-hidden-tablet elementor-hidden-phone elementor-section-boxed elementor-section-height-default elementor-section-height-default\" data-id=\"1e0bdc6\" data-element_type=\"section\">\n\t\t\t\t\t\t<div class=\"elementor-container elementor-column-gap-default\">\n\t\t\t\t\t<div class=\"elementor-column elementor-col-100 elementor-top-column elementor-element elementor-element-4ba4f34\" data-id=\"4ba4f34\" data-element_type=\"column\">\n\t\t\t<div class=\"elementor-widget-wrap elementor-element-populated\">\n\t\t\t\t\t\t<div class=\"elementor-element elementor-element-5d35c96 elementor-widget elementor-widget-text-editor\" data-id=\"5d35c96\" data-element_type=\"widget\" data-widget_type=\"text-editor.default\">\n\t\t\t\t<div class=\"elementor-widget-container\">\n\t\t\t\t\t\t\t<p style=\"text-align: center;\">Depuis sa cr\u00e9ation, <em><strong>Cit\u00e9m\u00f4mes<\/strong><\/em> travaille en \u00e9troite collaboration avec diverses structures, a d\u00e9velopp\u00e9 des partenariats et appartient \u00e0 de nombreux r\u00e9seaux lui permettant de mener \u00e0 bien l\u2019ensemble de ses projets.<\/p>\t\t\t\t\t\t<\/div>\n\t\t\t\t<\/div>\n\t\t\t\t\t<\/div>\n\t\t<\/div>\n\t\t\t\t\t<\/div>\n\t\t<\/section>\n\t\t\t\t<section class=\"elementor-section elementor-top-section elementor-element elementor-element-99efaee elementor-section-boxed elementor-section-height-default elementor-section-height-default\" data-id=\"99efaee\" data-element_type=\"section\">\n\t\t\t\t\t\t<div class=\"elementor-container elementor-column-gap-default\">\n\t\t\t\t\t<div class=\"elementor-column elementor-col-100 elementor-top-column elementor-element elementor-element-bb074ab\" data-id=\"bb074ab\" data-element_type=\"column\">\n\t\t\t<div class=\"elementor-widget-wrap elementor-element-populated\">\n\t\t\t\t\t\t<div class=\"elementor-element elementor-element-901d976 elementor-widget elementor-widget-image\" data-id=\"901d976\" data-element_type=\"widget\" data-widget_type=\"image.default\">\n\t\t\t\t<div class=\"elementor-widget-container\">\n\t\t\t\t\t\t\t\t\t\t\t\t\t<img fetchpriority=\"high\" decoding=\"async\" width=\"768\" height=\"307\" src=\"https:\/\/pro.citemomes.fr\/wp-content\/uploads\/2021\/10\/Capture-de\u0301cran-2021-10-26-a\u0300-09.55.50-768x307.png\" class=\"attachment-medium_large size-medium_large wp-image-1508\" alt=\"\" srcset=\"https:\/\/pro.citemomes.fr\/wp-content\/uploads\/2021\/10\/Capture-de\u0301cran-2021-10-26-a\u0300-09.55.50-768x307.png 768w, https:\/\/pro.citemomes.fr\/wp-content\/uploads\/2021\/10\/Capture-de\u0301cran-2021-10-26-a\u0300-09.55.50-300x120.png 300w, https:\/\/pro.citemomes.fr\/wp-content\/uploads\/2021\/10\/Capture-de\u0301cran-2021-10-26-a\u0300-09.55.50-1024x410.png 1024w, https:\/\/pro.citemomes.fr\/wp-content\/uploads\/2021\/10\/Capture-de\u0301cran-2021-10-26-a\u0300-09.55.50-1536x615.png 1536w, https:\/\/pro.citemomes.fr\/wp-content\/uploads\/2021\/10\/Capture-de\u0301cran-2021-10-26-a\u0300-09.55.50-2048x820.png 2048w\" sizes=\"(max-width: 768px) 100vw, 768px\" \/>\t\t\t\t\t\t\t\t\t\t\t\t\t<\/div>\n\t\t\t\t<\/div>\n\t\t\t\t\t<\/div>\n\t\t<\/div>\n\t\t\t\t\t<\/div>\n\t\t<\/section>\n\t\t\t\t<section class=\"elementor-section elementor-top-section elementor-element elementor-element-6a4f91d elementor-hidden-tablet elementor-hidden-phone elementor-section-boxed elementor-section-height-default elementor-section-height-default\" data-id=\"6a4f91d\" data-element_type=\"section\">\n\t\t\t\t\t\t<div class=\"elementor-container elementor-column-gap-default\">\n\t\t\t\t\t<div class=\"elementor-column elementor-col-100 elementor-top-column elementor-element elementor-element-e549f2a\" data-id=\"e549f2a\" data-element_type=\"column\">\n\t\t\t<div class=\"elementor-widget-wrap elementor-element-populated\">\n\t\t\t\t\t\t<div class=\"elementor-element elementor-element-54fc582 elementor-widget elementor-widget-text-editor\" data-id=\"54fc582\" data-element_type=\"widget\" data-widget_type=\"text-editor.default\">\n\t\t\t\t<div class=\"elementor-widget-container\">\n\t\t\t\t\t\t\t<p style=\"text-align: center;\"><span style=\"color: #000000;\"><strong>Vous souhaitez rejoindre l\u2019aventure Cit\u00e9m\u00f4mes en int\u00e9grant notre \u00ab club des partenaires et m\u00e9c\u00e8nes \u00bb ?&nbsp;<\/strong><\/span><\/p>\n<p style=\"text-align: center;\">\u2b50\ufe0f <b>Contactez-nous<\/b>&nbsp;!<\/p>\t\t\t\t\t\t<\/div>\n\t\t\t\t<\/div>\n\t\t\t\t\t<\/div>\n\t\t<\/div>\n\t\t\t\t\t<\/div>\n\t\t<\/section>\n\t\t\t\t<section class=\"elementor-section elementor-top-section elementor-element elementor-element-ceabd7a elementor-hidden-desktop elementor-section-boxed elementor-section-height-default elementor-section-height-default\" data-id=\"ceabd7a\" data-element_type=\"section\">\n\t\t\t\t\t\t<div class=\"elementor-container elementor-column-gap-default\">\n\t\t\t\t\t<div class=\"elementor-column elementor-col-100 elementor-top-column elementor-element elementor-element-b566a12\" data-id=\"b566a12\" data-element_type=\"column\">\n\t\t\t<div class=\"elementor-widget-wrap elementor-element-populated\">\n\t\t\t\t\t\t<div class=\"elementor-element elementor-element-c951fe0 elementor-widget elementor-widget-text-editor\" data-id=\"c951fe0\" data-element_type=\"widget\" data-widget_type=\"text-editor.default\">\n\t\t\t\t<div class=\"elementor-widget-container\">\n\t\t\t\t\t\t\t<p>Depuis sa cr\u00e9ation, Cit\u00e9m\u00f4mes travaille en \u00e9troite collaboration avec des structures diverses et\u00a0 a d\u00e9velopp\u00e9 de nombreux partenariats afin de mener \u00e0 bien l\u2019ensemble de ses projets et appartient \u00e0 de nombreux r\u00e9seaux.<\/p>\t\t\t\t\t\t<\/div>\n\t\t\t\t<\/div>\n\t\t\t\t\t<\/div>\n\t\t<\/div>\n\t\t\t\t\t<\/div>\n\t\t<\/section>\n\t\t\t\t<section class=\"elementor-section elementor-top-section elementor-element elementor-element-1594427 elementor-hidden-desktop elementor-section-boxed elementor-section-height-default elementor-section-height-default\" data-id=\"1594427\" data-element_type=\"section\">\n\t\t\t\t\t\t<div class=\"elementor-container elementor-column-gap-default\">\n\t\t\t\t\t<div class=\"elementor-column elementor-col-100 elementor-top-column elementor-element elementor-element-e679d66\" data-id=\"e679d66\" data-element_type=\"column\">\n\t\t\t<div class=\"elementor-widget-wrap elementor-element-populated\">\n\t\t\t\t\t\t<div class=\"elementor-element elementor-element-9e3b904 elementor-widget elementor-widget-text-editor\" data-id=\"9e3b904\" data-element_type=\"widget\" data-widget_type=\"text-editor.default\">\n\t\t\t\t<div class=\"elementor-widget-container\">\n\t\t\t\t\t\t\t<h6><strong>Vous souhaitez rejoindre l\u2019aventure Cit\u00e9m\u00f4mes en int\u00e9grant notre \u00ab club des partenaires et m\u00e9c\u00e8nes \u00bb ?\u00a0<\/strong><\/h6><p><a href=\"http:\/\/pro.citemomes.fr\/index.php\/rejoignez-nous\/\">Plus d\u2019informations juste ici <\/a><\/p>\t\t\t\t\t\t<\/div>\n\t\t\t\t<\/div>\n\t\t\t\t\t<\/div>\n\t\t<\/div>\n\t\t\t\t\t<\/div>\n\t\t<\/section>\n\t\t\t\t<\/div>\n\t\t","protected":false},"excerpt":{"rendered":"<p>Depuis sa cr\u00e9ation, Cit\u00e9m\u00f4mes travaille en \u00e9troite collaboration avec diverses structures, a d\u00e9velopp\u00e9 des partenariats et appartient \u00e0 de nombreux r\u00e9seaux lui permettant de mener \u00e0 bien l\u2019ensemble de ses projets. Vous souhaitez rejoindre l\u2019aventure Cit\u00e9m\u00f4mes en int\u00e9grant notre \u00ab club des partenaires et m\u00e9c\u00e8nes \u00bb ?&nbsp; \u2b50\ufe0f Contactez-nous&nbsp;! Depuis sa cr\u00e9ation, Cit\u00e9m\u00f4mes travaille en&hellip; <a href=\"https:\/\/pro.citemomes.fr\/index.php\/partenaires\/\" class=\"more-link\">Lire la suite <span class=\"screen-reader-text\">Nos partenaires<\/span><\/a><\/p>\n","protected":false},"author":1,"featured_media":0,"parent":0,"menu_order":0,"comment_status":"closed","ping_status":"closed","template":"elementor_header_footer","meta":[],"yoast_head":"<!-- This site is optimized with the Yoast SEO plugin v21.1 - https:\/\/yoast.com\/wordpress\/plugins\/seo\/ -->\n<title>Nos partenaires - Cit\u00e9m\u00f4mes<\/title>\n<meta name=\"description\" content=\"Depuis sa cr\u00e9ation, Cit\u00e9m\u00f4mes travaille en \u00e9troite collaboration avec diverses structures, a d\u00e9velopp\u00e9 des partenariats et appartient \u00e0 de nombreux r\u00e9seaux lui permettant de mener \u00e0 bien l\u2019ensemble de ses projets.\" \/>\n<meta name=\"robots\" content=\"index, follow, max-snippet:-1, max-image-preview:large, max-video-preview:-1\" \/>\n<link rel=\"canonical\" href=\"https:\/\/pro.citemomes.fr\/index.php\/partenaires\/\" \/>\n<meta property=\"og:locale\" content=\"fr_FR\" \/>\n<meta property=\"og:type\" content=\"article\" \/>\n<meta property=\"og:title\" content=\"Nos partenaires - Cit\u00e9m\u00f4mes\" \/>\n<meta property=\"og:description\" content=\"Depuis sa cr\u00e9ation, Cit\u00e9m\u00f4mes travaille en \u00e9troite collaboration avec diverses structures, a d\u00e9velopp\u00e9 des partenariats et appartient \u00e0 de nombreux r\u00e9seaux lui permettant de mener \u00e0 bien l\u2019ensemble de ses projets.\" \/>\n<meta property=\"og:url\" content=\"https:\/\/pro.citemomes.fr\/index.php\/partenaires\/\" \/>\n<meta property=\"og:site_name\" content=\"Cit\u00e9m\u00f4mes\" \/>\n<meta property=\"article:modified_time\" content=\"2022-09-07T10:41:27+00:00\" \/>\n<meta name=\"twitter:card\" content=\"summary_large_image\" \/>\n<meta name=\"twitter:label1\" content=\"Dur\u00e9e de lecture estim\u00e9e\" \/>\n\t<meta name=\"twitter:data1\" content=\"1 minute\" \/>\n<script type=\"application\/ld+json\" class=\"yoast-schema-graph\">{\"@context\":\"https:\/\/schema.org\",\"@graph\":[{\"@type\":\"WebPage\",\"@id\":\"https:\/\/pro.citemomes.fr\/index.php\/partenaires\/\",\"url\":\"https:\/\/pro.citemomes.fr\/index.php\/partenaires\/\",\"name\":\"Nos partenaires - Cit\u00e9m\u00f4mes\",\"isPartOf\":{\"@id\":\"https:\/\/pro.citemomes.fr\/#website\"},\"datePublished\":\"2021-02-19T08:37:08+00:00\",\"dateModified\":\"2022-09-07T10:41:27+00:00\",\"description\":\"Depuis sa cr\u00e9ation, Cit\u00e9m\u00f4mes travaille en \u00e9troite collaboration avec diverses structures, a d\u00e9velopp\u00e9 des partenariats et appartient \u00e0 de nombreux r\u00e9seaux lui permettant de mener \u00e0 bien l\u2019ensemble de ses projets.\",\"breadcrumb\":{\"@id\":\"https:\/\/pro.citemomes.fr\/index.php\/partenaires\/#breadcrumb\"},\"inLanguage\":\"fr-FR\",\"potentialAction\":[{\"@type\":\"ReadAction\",\"target\":[\"https:\/\/pro.citemomes.fr\/index.php\/partenaires\/\"]}]},{\"@type\":\"BreadcrumbList\",\"@id\":\"https:\/\/pro.citemomes.fr\/index.php\/partenaires\/#breadcrumb\",\"itemListElement\":[{\"@type\":\"ListItem\",\"position\":1,\"name\":\"Accueil\",\"item\":\"https:\/\/pro.citemomes.fr\/\"},{\"@type\":\"ListItem\",\"position\":2,\"name\":\"Nos partenaires\"}]},{\"@type\":\"WebSite\",\"@id\":\"https:\/\/pro.citemomes.fr\/#website\",\"url\":\"https:\/\/pro.citemomes.fr\/\",\"name\":\"Cit\u00e9m\u00f4mes\",\"description\":\"D\u00e9couvrir, cr\u00e9er, r\u00eaver\",\"publisher\":{\"@id\":\"https:\/\/pro.citemomes.fr\/#organization\"},\"potentialAction\":[{\"@type\":\"SearchAction\",\"target\":{\"@type\":\"EntryPoint\",\"urlTemplate\":\"https:\/\/pro.citemomes.fr\/?s={search_term_string}\"},\"query-input\":\"required name=search_term_string\"}],\"inLanguage\":\"fr-FR\"},{\"@type\":\"Organization\",\"@id\":\"https:\/\/pro.citemomes.fr\/#organization\",\"name\":\"Cit\u00e9m\u00f4mes\",\"url\":\"https:\/\/pro.citemomes.fr\/\",\"logo\":{\"@type\":\"ImageObject\",\"inLanguage\":\"fr-FR\",\"@id\":\"https:\/\/pro.citemomes.fr\/#\/schema\/logo\/image\/\",\"url\":\"https:\/\/pro.citemomes.fr\/wp-content\/uploads\/2021\/03\/cropped-Baniere-haut-definition-1.png\",\"contentUrl\":\"https:\/\/pro.citemomes.fr\/wp-content\/uploads\/2021\/03\/cropped-Baniere-haut-definition-1.png\",\"width\":518,\"height\":286,\"caption\":\"Cit\u00e9m\u00f4mes\"},\"image\":{\"@id\":\"https:\/\/pro.citemomes.fr\/#\/schema\/logo\/image\/\"}}]}<\/script>\n<!-- \/ Yoast SEO plugin. -->","yoast_head_json":{"title":"Nos partenaires - Cit\u00e9m\u00f4mes","description":"Depuis sa cr\u00e9ation, Cit\u00e9m\u00f4mes travaille en \u00e9troite collaboration avec diverses structures, a d\u00e9velopp\u00e9 des partenariats et appartient \u00e0 de nombreux r\u00e9seaux lui permettant de mener \u00e0 bien l\u2019ensemble de ses projets.","robots":{"index":"index","follow":"follow","max-snippet":"max-snippet:-1","max-image-preview":"max-image-preview:large","max-video-preview":"max-video-preview:-1"},"canonical":"https:\/\/pro.citemomes.fr\/index.php\/partenaires\/","og_locale":"fr_FR","og_type":"article","og_title":"Nos partenaires - Cit\u00e9m\u00f4mes","og_description":"Depuis sa cr\u00e9ation, Cit\u00e9m\u00f4mes travaille en \u00e9troite collaboration avec diverses structures, a d\u00e9velopp\u00e9 des partenariats et appartient \u00e0 de nombreux r\u00e9seaux lui permettant de mener \u00e0 bien l\u2019ensemble de ses projets.","og_url":"https:\/\/pro.citemomes.fr\/index.php\/partenaires\/","og_site_name":"Cit\u00e9m\u00f4mes","article_modified_time":"2022-09-07T10:41:27+00:00","twitter_card":"summary_large_image","twitter_misc":{"Dur\u00e9e de lecture estim\u00e9e":"1 minute"},"schema":{"@context":"https:\/\/schema.org","@graph":[{"@type":"WebPage","@id":"https:\/\/pro.citemomes.fr\/index.php\/partenaires\/","url":"https:\/\/pro.citemomes.fr\/index.php\/partenaires\/","name":"Nos partenaires - Cit\u00e9m\u00f4mes","isPartOf":{"@id":"https:\/\/pro.citemomes.fr\/#website"},"datePublished":"2021-02-19T08:37:08+00:00","dateModified":"2022-09-07T10:41:27+00:00","description":"Depuis sa cr\u00e9ation, Cit\u00e9m\u00f4mes travaille en \u00e9troite collaboration avec diverses structures, a d\u00e9velopp\u00e9 des partenariats et appartient \u00e0 de nombreux r\u00e9seaux lui permettant de mener \u00e0 bien l\u2019ensemble de ses projets.","breadcrumb":{"@id":"https:\/\/pro.citemomes.fr\/index.php\/partenaires\/#breadcrumb"},"inLanguage":"fr-FR","potentialAction":[{"@type":"ReadAction","target":["https:\/\/pro.citemomes.fr\/index.php\/partenaires\/"]}]},{"@type":"BreadcrumbList","@id":"https:\/\/pro.citemomes.fr\/index.php\/partenaires\/#breadcrumb","itemListElement":[{"@type":"ListItem","position":1,"name":"Accueil","item":"https:\/\/pro.citemomes.fr\/"},{"@type":"ListItem","position":2,"name":"Nos partenaires"}]},{"@type":"WebSite","@id":"https:\/\/pro.citemomes.fr\/#website","url":"https:\/\/pro.citemomes.fr\/","name":"Cit\u00e9m\u00f4mes","description":"D\u00e9couvrir, cr\u00e9er, r\u00eaver","publisher":{"@id":"https:\/\/pro.citemomes.fr\/#organization"},"potentialAction":[{"@type":"SearchAction","target":{"@type":"EntryPoint","urlTemplate":"https:\/\/pro.citemomes.fr\/?s={search_term_string}"},"query-input":"required name=search_term_string"}],"inLanguage":"fr-FR"},{"@type":"Organization","@id":"https:\/\/pro.citemomes.fr\/#organization","name":"Cit\u00e9m\u00f4mes","url":"https:\/\/pro.citemomes.fr\/","logo":{"@type":"ImageObject","inLanguage":"fr-FR","@id":"https:\/\/pro.citemomes.fr\/#\/schema\/logo\/image\/","url":"https:\/\/pro.citemomes.fr\/wp-content\/uploads\/2021\/03\/cropped-Baniere-haut-definition-1.png","contentUrl":"https:\/\/pro.citemomes.fr\/wp-content\/uploads\/2021\/03\/cropped-Baniere-haut-definition-1.png","width":518,"height":286,"caption":"Cit\u00e9m\u00f4mes"},"image":{"@id":"https:\/\/pro.citemomes.fr\/#\/schema\/logo\/image\/"}}]}},"_links":{"self":[{"href":"https:\/\/pro.citemomes.fr\/index.php\/wp-json\/wp\/v2\/pages\/27"}],"collection":[{"href":"https:\/\/pro.citemomes.fr\/index.php\/wp-json\/wp\/v2\/pages"}],"about":[{"href":"https:\/\/pro.citemomes.fr\/index.php\/wp-json\/wp\/v2\/types\/page"}],"author":[{"embeddable":true,"href":"https:\/\/pro.citemomes.fr\/index.php\/wp-json\/wp\/v2\/users\/1"}],"replies":[{"embeddable":true,"href":"https:\/\/pro.citemomes.fr\/index.php\/wp-json\/wp\/v2\/comments?post=27"}],"version-history":[{"count":74,"href":"https:\/\/pro.citemomes.fr\/index.php\/wp-json\/wp\/v2\/pages\/27\/revisions"}],"predecessor-version":[{"id":2140,"href":"https:\/\/pro.citemomes.fr\/index.php\/wp-json\/wp\/v2\/pages\/27\/revisions\/2140"}],"wp:attachment":[{"href":"https:\/\/pro.citemomes.fr\/index.php\/wp-json\/wp\/v2\/media?parent=27"}],"curies":[{"name":"wp","href":"https:\/\/api.w.org\/{rel}","templated":true}]}}