{"id":25,"date":"2021-02-19T09:39:26","date_gmt":"2021-02-19T08:39:26","guid":{"rendered":"http:\/\/pro.citemomes.fr\/?page_id=25"},"modified":"2022-09-07T12:40:32","modified_gmt":"2022-09-07T10:40:32","slug":"qui-somme-nous","status":"publish","type":"page","link":"https:\/\/pro.citemomes.fr\/index.php\/qui-somme-nous\/","title":{"rendered":"Qui sommes-nous ?"},"content":{"rendered":"\t\t<div data-elementor-type=\"wp-page\" data-elementor-id=\"25\" class=\"elementor elementor-25\">\n\t\t\t\t\t\t<section class=\"elementor-section elementor-top-section elementor-element elementor-element-339cef5 elementor-hidden-tablet elementor-hidden-phone elementor-section-boxed elementor-section-height-default elementor-section-height-default\" data-id=\"339cef5\" data-element_type=\"section\">\n\t\t\t\t\t\t<div class=\"elementor-container elementor-column-gap-default\">\n\t\t\t\t\t<div class=\"elementor-column elementor-col-100 elementor-top-column elementor-element elementor-element-9113b8a\" data-id=\"9113b8a\" data-element_type=\"column\">\n\t\t\t<div class=\"elementor-widget-wrap elementor-element-populated\">\n\t\t\t\t\t\t<div class=\"elementor-element elementor-element-bed23d5 elementor-widget elementor-widget-heading\" data-id=\"bed23d5\" data-element_type=\"widget\" data-widget_type=\"heading.default\">\n\t\t\t\t<div class=\"elementor-widget-container\">\n\t\t\t<h2 class=\"elementor-heading-title elementor-size-default\">Cit\u00e9m\u00f4mes est une association culturelle d\u2019int\u00e9r\u00eat g\u00e9n\u00e9ral cr\u00e9\u00e9e en 2007.<\/h2>\t\t<\/div>\n\t\t\t\t<\/div>\n\t\t\t\t<div class=\"elementor-element elementor-element-f55617c elementor-widget elementor-widget-text-editor\" data-id=\"f55617c\" data-element_type=\"widget\" data-widget_type=\"text-editor.default\">\n\t\t\t\t<div class=\"elementor-widget-container\">\n\t\t\t\t\t\t\t<p style=\"text-align: center;\"><br><\/p><p style=\"text-align: center;\">Nous intervenons au niveau local avec notre espace \u00e0 Rouen, lieu de vie de l\u2019association avec son espace d\u2019exposition et son offre d\u2019ateliers cr\u00e9atifs pour petits et grands. Un v\u00e9ritable <strong>laboratoire<\/strong> grandeur nature !<\/p>\n<p style=\"text-align: center;\">\n<\/p><p style=\"text-align: center;\">\u00c0 <strong>\u00e9chelle r\u00e9gionale<\/strong>, nous intervenons dans diff\u00e9rentes structures aupr\u00e8s de publics d\u2019\u00e2ges et d\u2019horizons diff\u00e9rents (de la cr\u00e8che \u00e0 l\u2019EHPAD !), avec une proposition d\u2019ateliers cr\u00e9atifs et artistiques. \u00c0 <strong>\u00e9chelle nationale<\/strong>, nous \u0153uvrons avec des projets de conception d\u2019outils de d\u00e9couverte et de formation en m\u00e9diation culturelle dans des mus\u00e9es et espaces naturels fran\u00e7ais.&nbsp;<\/p>\n<p style=\"text-align: center;\">\n<\/p><p style=\"text-align: center;\">Entre<strong> direction artistique<\/strong> de projets divers, <strong>cr\u00e9ation et d\u00e9veloppement d\u2019outils sur-mesure<\/strong>,<strong> sensibilisation<\/strong> et <strong>innovation sociale<\/strong>, <em><strong>Cit\u00e9m\u00f4mes<\/strong><\/em> se veut une v\u00e9ritable fen\u00eatre ouverte sur le monde, les cultures au pluriel et les patrimoines.<\/p>\n<p style=\"text-align: center;\">Depuis 2014, nous pilotons le projet \u00ab <a href=\"http:\/\/tricoteunsourire.com\"><strong>Tricote un sourire<\/strong> <\/a>\u00bb, o\u00f9 d\u00e9marches artistique et participative se lient en faveur de la conception d\u2019installations artistiques en textile.&nbsp;<\/p><p style=\"text-align: center;\"><br><\/p>\n<p style=\"text-align: center;\">\n<\/p><p style=\"text-align: center;\"><strong>\u00c0 la crois\u00e9e de multiples chemins, avec une pinc\u00e9e de po\u00e9sie et un soup\u00e7on de magie, <em>Cit\u00e9m\u00f4mes<\/em> tente de trouver la bonne recette pour cr\u00e9er et faire vivre des projets citoyens o\u00f9 chacun peut trouver sa place.<\/strong><\/p>\t\t\t\t\t\t<\/div>\n\t\t\t\t<\/div>\n\t\t\t\t<div class=\"elementor-element elementor-element-f5df91d elementor-widget elementor-widget-image\" data-id=\"f5df91d\" data-element_type=\"widget\" data-widget_type=\"image.default\">\n\t\t\t\t<div class=\"elementor-widget-container\">\n\t\t\t\t\t\t\t\t\t\t\t\t\t<img fetchpriority=\"high\" decoding=\"async\" width=\"825\" height=\"523\" src=\"https:\/\/pro.citemomes.fr\/wp-content\/uploads\/2021\/06\/QUISOMMESNOUS-Smile-3-1024x649.png\" class=\"attachment-large size-large wp-image-1053\" alt=\"\" srcset=\"https:\/\/pro.citemomes.fr\/wp-content\/uploads\/2021\/06\/QUISOMMESNOUS-Smile-3-1024x649.png 1024w, https:\/\/pro.citemomes.fr\/wp-content\/uploads\/2021\/06\/QUISOMMESNOUS-Smile-3-300x190.png 300w, https:\/\/pro.citemomes.fr\/wp-content\/uploads\/2021\/06\/QUISOMMESNOUS-Smile-3-768x487.png 768w, https:\/\/pro.citemomes.fr\/wp-content\/uploads\/2021\/06\/QUISOMMESNOUS-Smile-3-1536x973.png 1536w, https:\/\/pro.citemomes.fr\/wp-content\/uploads\/2021\/06\/QUISOMMESNOUS-Smile-3-2048x1297.png 2048w\" sizes=\"(max-width: 825px) 100vw, 825px\" \/>\t\t\t\t\t\t\t\t\t\t\t\t\t<\/div>\n\t\t\t\t<\/div>\n\t\t\t\t\t<\/div>\n\t\t<\/div>\n\t\t\t\t\t<\/div>\n\t\t<\/section>\n\t\t\t\t<section class=\"elementor-section elementor-top-section elementor-element elementor-element-9ec679b elementor-hidden-tablet elementor-hidden-phone elementor-section-boxed elementor-section-height-default elementor-section-height-default\" data-id=\"9ec679b\" data-element_type=\"section\" data-settings=\"{&quot;background_background&quot;:&quot;classic&quot;}\">\n\t\t\t\t\t\t<div class=\"elementor-container elementor-column-gap-default\">\n\t\t\t\t\t<div class=\"elementor-column elementor-col-100 elementor-top-column elementor-element elementor-element-e3a3391\" data-id=\"e3a3391\" data-element_type=\"column\">\n\t\t\t<div class=\"elementor-widget-wrap elementor-element-populated\">\n\t\t\t\t\t\t<div class=\"elementor-element elementor-element-1f7220d elementor-widget elementor-widget-text-editor\" data-id=\"1f7220d\" data-element_type=\"widget\" data-widget_type=\"text-editor.default\">\n\t\t\t\t<div class=\"elementor-widget-container\">\n\t\t\t\t\t\t\t<h5><b><i>Cit\u00e9m\u00f4mes en 3 mots&#8230;<\/i><\/b><\/h5><ul><li><b>D\u00e9couvrir<\/b> : s\u2019int\u00e9resser au monde qui nous entoure : aux cultures, aux patrimoines, aux diff\u00e9rences\u2026 Apprendre et acqu\u00e9rir les cl\u00e9s pour s\u2019approprier de nouvelles connaissances.<\/li><li><b> <\/b><b>Cr\u00e9er<\/b> : s\u2019investir, devenir acteur, participer \u00e0 un processus cr\u00e9atif. D\u00e9velopper son imagination, \u00e9laborer ses propres outils.<\/li><li><b>R\u00eaver<\/b> : imaginer la suite, les possibles, pour donner envie de continuer, d\u2019\u00eatre curieux, d\u2019approfondir, d\u2019en savoir plus\u2026<\/li><\/ul>\t\t\t\t\t\t<\/div>\n\t\t\t\t<\/div>\n\t\t\t\t\t<\/div>\n\t\t<\/div>\n\t\t\t\t\t<\/div>\n\t\t<\/section>\n\t\t\t\t<section class=\"elementor-section elementor-top-section elementor-element elementor-element-7c99e86 elementor-hidden-desktop elementor-section-boxed elementor-section-height-default elementor-section-height-default\" data-id=\"7c99e86\" data-element_type=\"section\">\n\t\t\t\t\t\t<div class=\"elementor-container elementor-column-gap-default\">\n\t\t\t\t\t<div class=\"elementor-column elementor-col-100 elementor-top-column elementor-element elementor-element-7097259\" data-id=\"7097259\" data-element_type=\"column\">\n\t\t\t<div class=\"elementor-widget-wrap elementor-element-populated\">\n\t\t\t\t\t\t<div class=\"elementor-element elementor-element-e2abd31 elementor-widget elementor-widget-text-editor\" data-id=\"e2abd31\" data-element_type=\"widget\" data-widget_type=\"text-editor.default\">\n\t\t\t\t<div class=\"elementor-widget-container\">\n\t\t\t\t\t\t\t<p style=\"text-align: left;\"><strong><span style=\"color: #008080;\">Cit\u00e9m\u00f4mes est une association culturelle d\u2019int\u00e9r\u00eat g\u00e9n\u00e9ral cr\u00e9\u00e9e en 2007.<\/span><\/strong><\/p><p>\u00a0<\/p><p style=\"text-align: left;\">Nous intervenons au niveau local avec notre espace \u00e0 Rouen, lieu de vie de l\u2019association avec son espace d\u2019exposition et son offre d\u2019ateliers cr\u00e9atifs pour petits et grands, v\u00e9ritable laboratoire grandeur nature.\u00a0<\/p><p style=\"text-align: left;\">\u00c0 \u00e9chelle r\u00e9gionale, nous intervenons dans diff\u00e9rentes structures aupr\u00e8s de publics d\u2019\u00e2ges et d\u2019horizons diff\u00e9rents (de la cr\u00e8che \u00e0 l\u2019EHPAD !) avec la mise en place d\u2019ateliers cr\u00e9atifs.<\/p><p style=\"text-align: left;\">\u00c0 \u00e9chelle nationale, nous \u0153uvrons avec des projets de conception d\u2019outils de d\u00e9couverte et de formation en m\u00e9diation culturelle dans des mus\u00e9es et espaces naturels fran\u00e7ais. Entre direction artistique de projets divers, d\u00e9veloppement d\u2019outils, sensibilisation et innovation sociale, Cit\u00e9m\u00f4mes se veut une v\u00e9ritable fen\u00eatre ouverte sur le monde, les cultures au pluriel et les patrimoines.<\/p><p style=\"text-align: left;\">Depuis 2014, nous pilotons le projet \u00ab Tricote un sourire \u00bb, o\u00f9 d\u00e9marche artistique et d\u00e9marche participative se croisent en faveur de la conception d\u2019installations artistiques en textile. En 2020, nous continuons sur notre lanc\u00e9e et d\u00e9butons un nouveau projet participatif ouvert \u00e0 tous et cette fois-ci consacr\u00e9 \u00e0 la photographie : \u00ab Impression Soleil Couleurs \u00bb.<\/p><p style=\"text-align: left;\">\u00c0 la crois\u00e9e de multiples chemins, avec une pinc\u00e9e de po\u00e9sie et un soup\u00e7on de magie, Cit\u00e9m\u00f4mes tente de trouver la bonne recette pour cr\u00e9er et faire vivre des projets citoyens o\u00f9 chacun peut trouver sa place.<\/p>\t\t\t\t\t\t<\/div>\n\t\t\t\t<\/div>\n\t\t\t\t<div class=\"elementor-element elementor-element-a6ad637 elementor-widget elementor-widget-text-editor\" data-id=\"a6ad637\" data-element_type=\"widget\" data-widget_type=\"text-editor.default\">\n\t\t\t\t<div class=\"elementor-widget-container\">\n\t\t\t\t\t\t\t<p style=\"text-align: center;\"><i>Nuage de mots (smile avec valeurs)<\/i><\/p>\t\t\t\t\t\t<\/div>\n\t\t\t\t<\/div>\n\t\t\t\t\t<\/div>\n\t\t<\/div>\n\t\t\t\t\t<\/div>\n\t\t<\/section>\n\t\t\t\t<section class=\"elementor-section elementor-top-section elementor-element elementor-element-ff02a6f elementor-hidden-desktop elementor-section-boxed elementor-section-height-default elementor-section-height-default\" data-id=\"ff02a6f\" data-element_type=\"section\" data-settings=\"{&quot;background_background&quot;:&quot;classic&quot;}\">\n\t\t\t\t\t\t<div class=\"elementor-container elementor-column-gap-default\">\n\t\t\t\t\t<div class=\"elementor-column elementor-col-100 elementor-top-column elementor-element elementor-element-501b9f5\" data-id=\"501b9f5\" data-element_type=\"column\">\n\t\t\t<div class=\"elementor-widget-wrap elementor-element-populated\">\n\t\t\t\t\t\t<div class=\"elementor-element elementor-element-d7c6e45 elementor-widget elementor-widget-text-editor\" data-id=\"d7c6e45\" data-element_type=\"widget\" data-widget_type=\"text-editor.default\">\n\t\t\t\t<div class=\"elementor-widget-container\">\n\t\t\t\t\t\t\t<h4 style=\"text-align: left;\"><b><i>Cit\u00e9m\u00f4mes en 3 mots&#8230;<\/i><\/b><\/h4><ul style=\"text-align: left;\"><li><b>D\u00e9couvrir<\/b> : S\u2019int\u00e9resser au monde qui nous entoure : aux cultures, aux patrimoines, aux diff\u00e9rences\u2026 Apprendre et acqu\u00e9rir les cl\u00e9s pour s\u2019approprier de nouvelles connaissances.<\/li><li><b> <\/b><b>Cr\u00e9er<\/b> : S\u2019investir, devenir acteur, participer \u00e0 un processus cr\u00e9atif. D\u00e9velopper son imagination, \u00e9laborer ses propres outils.<\/li><\/ul><p style=\"text-align: left;\"><b>\u2022 <\/b><b>R\u00eaver<\/b> : Imaginer la suite, les possibles, pour donner envie de continuer, d\u2019\u00eatre curieux, d\u2019approfondir, d\u2019en savoir plus\u2026<\/p>\t\t\t\t\t\t<\/div>\n\t\t\t\t<\/div>\n\t\t\t\t\t<\/div>\n\t\t<\/div>\n\t\t\t\t\t<\/div>\n\t\t<\/section>\n\t\t\t\t<section class=\"elementor-section elementor-top-section elementor-element elementor-element-fbf9391 elementor-hidden-desktop elementor-section-boxed elementor-section-height-default elementor-section-height-default\" data-id=\"fbf9391\" data-element_type=\"section\">\n\t\t\t\t\t\t<div class=\"elementor-container elementor-column-gap-default\">\n\t\t\t\t\t<div class=\"elementor-column elementor-col-100 elementor-top-column elementor-element elementor-element-2d78ef5\" data-id=\"2d78ef5\" data-element_type=\"column\">\n\t\t\t<div class=\"elementor-widget-wrap elementor-element-populated\">\n\t\t\t\t\t\t<div class=\"elementor-element elementor-element-c15cc31 elementor-widget elementor-widget-text-editor\" data-id=\"c15cc31\" data-element_type=\"widget\" data-widget_type=\"text-editor.default\">\n\t\t\t\t<div class=\"elementor-widget-container\">\n\t\t\t\t\t\t\t<p style=\"text-align: left;\"><span style=\"color: #000000;\">Pour en savoir plus&#8230;.<\/span><\/p><ul><li style=\"text-align: left;\"><span style=\"color: #008080;\">Notre projet associatif (Doc PDF)<\/span><\/li><li style=\"text-align: left;\"><span style=\"color: #008080;\">L\u2019esprit r\u00e9cup \u00e0 Cit\u00e9m\u00f4mes (fiche PDF ? page en plus avec lien \u00e0 faire +infographie) ou page ?<\/span><\/li><\/ul>\t\t\t\t\t\t<\/div>\n\t\t\t\t<\/div>\n\t\t\t\t\t<\/div>\n\t\t<\/div>\n\t\t\t\t\t<\/div>\n\t\t<\/section>\n\t\t\t\t<section class=\"elementor-section elementor-top-section elementor-element elementor-element-8684e12 elementor-section-boxed elementor-section-height-default elementor-section-height-default\" data-id=\"8684e12\" data-element_type=\"section\">\n\t\t\t\t\t\t<div class=\"elementor-container elementor-column-gap-default\">\n\t\t\t\t\t<div class=\"elementor-column elementor-col-100 elementor-top-column elementor-element elementor-element-00c0104\" data-id=\"00c0104\" data-element_type=\"column\">\n\t\t\t<div class=\"elementor-widget-wrap\">\n\t\t\t\t\t\t\t<\/div>\n\t\t<\/div>\n\t\t\t\t\t<\/div>\n\t\t<\/section>\n\t\t\t\t<section class=\"elementor-section elementor-top-section elementor-element elementor-element-4bac919 elementor-section-boxed elementor-section-height-default elementor-section-height-default\" data-id=\"4bac919\" data-element_type=\"section\">\n\t\t\t\t\t\t<div class=\"elementor-container elementor-column-gap-default\">\n\t\t\t\t\t<div class=\"elementor-column elementor-col-100 elementor-top-column elementor-element elementor-element-e31f255\" data-id=\"e31f255\" data-element_type=\"column\">\n\t\t\t<div class=\"elementor-widget-wrap elementor-element-populated\">\n\t\t\t\t\t\t<div class=\"elementor-element elementor-element-6f9b79a elementor-widget elementor-widget-text-editor\" data-id=\"6f9b79a\" data-element_type=\"widget\" data-widget_type=\"text-editor.default\">\n\t\t\t\t<div class=\"elementor-widget-container\">\n\t\t\t\t\t\t\t<p>\u00a0<\/p><p style=\"text-align: center;\"><strong><span style=\"color: #000000;\">Maintenant, fa\u00eetes connaissance avec :<\/span><\/strong><\/p><p style=\"text-align: center;\"><span style=\"color: #000000;\">\u2b50\ufe0f <a href=\"https:\/\/pro.citemomes.fr\/index.php\/notre-equipe\/\">Notre \u00e9quipe<\/a><\/span><\/p><p style=\"text-align: center;\"><span style=\"color: #000000;\">\u2b50\ufe0f <a href=\"https:\/\/pro.citemomes.fr\/index.php\/partenaires\/\">Notre club des partenaires et m\u00e9c\u00e8nes\u00a0<\/a><\/span><\/p><p style=\"text-align: center;\">\u00a0<\/p>\t\t\t\t\t\t<\/div>\n\t\t\t\t<\/div>\n\t\t\t\t\t<\/div>\n\t\t<\/div>\n\t\t\t\t\t<\/div>\n\t\t<\/section>\n\t\t\t\t<section class=\"elementor-section elementor-top-section elementor-element elementor-element-20909c1 elementor-section-boxed elementor-section-height-default elementor-section-height-default\" data-id=\"20909c1\" data-element_type=\"section\">\n\t\t\t\t\t\t<div class=\"elementor-container elementor-column-gap-default\">\n\t\t\t\t\t<div class=\"elementor-column elementor-col-100 elementor-top-column elementor-element elementor-element-8f63e6f\" data-id=\"8f63e6f\" data-element_type=\"column\">\n\t\t\t<div class=\"elementor-widget-wrap elementor-element-populated\">\n\t\t\t\t\t\t<div class=\"elementor-element elementor-element-9b79666 elementor-widget elementor-widget-text-editor\" data-id=\"9b79666\" data-element_type=\"widget\" data-widget_type=\"text-editor.default\">\n\t\t\t\t<div class=\"elementor-widget-container\">\n\t\t\t\t\t\t\t<h3 style=\"text-align: center;\"><span style=\"font-size: 23px; color: rgb(0, 135, 135);\">\u2022&nbsp;\u2022&nbsp;\u2022<\/span><\/h3>\t\t\t\t\t\t<\/div>\n\t\t\t\t<\/div>\n\t\t\t\t\t<\/div>\n\t\t<\/div>\n\t\t\t\t\t<\/div>\n\t\t<\/section>\n\t\t\t\t<\/div>\n\t\t","protected":false},"excerpt":{"rendered":"<p>Cit\u00e9m\u00f4mes est une association culturelle d\u2019int\u00e9r\u00eat g\u00e9n\u00e9ral cr\u00e9\u00e9e en 2007. Nous intervenons au niveau local avec notre espace \u00e0 Rouen, lieu de vie de l\u2019association avec son espace d\u2019exposition et son offre d\u2019ateliers cr\u00e9atifs pour petits et grands. Un v\u00e9ritable laboratoire grandeur nature ! \u00c0 \u00e9chelle r\u00e9gionale, nous intervenons dans diff\u00e9rentes structures aupr\u00e8s de publics&hellip; <a href=\"https:\/\/pro.citemomes.fr\/index.php\/qui-somme-nous\/\" class=\"more-link\">Lire la suite <span class=\"screen-reader-text\">Qui sommes-nous ?<\/span><\/a><\/p>\n","protected":false},"author":1,"featured_media":0,"parent":0,"menu_order":0,"comment_status":"closed","ping_status":"closed","template":"elementor_header_footer","meta":[],"yoast_head":"<!-- This site is optimized with the Yoast SEO plugin v21.1 - https:\/\/yoast.com\/wordpress\/plugins\/seo\/ -->\n<title>Qui sommes-nous ? - Cit\u00e9m\u00f4mes<\/title>\n<meta name=\"description\" content=\"Cit\u00e9m\u00f4mes est une association culturelle d\u2019int\u00e9r\u00eat g\u00e9n\u00e9ral cr\u00e9\u00e9e en 2007. Nous intervenons au niveau local avec notre espace \u00e0 Rouen, lieu de vie de l\u2019association avec son espace d\u2019exposition et son offre d\u2019ateliers cr\u00e9atifs pour petits et grands. Un v\u00e9ritable laboratoire grandeur nature !\" \/>\n<meta name=\"robots\" content=\"index, follow, max-snippet:-1, max-image-preview:large, max-video-preview:-1\" \/>\n<link rel=\"canonical\" href=\"https:\/\/pro.citemomes.fr\/index.php\/qui-somme-nous\/\" \/>\n<meta property=\"og:locale\" content=\"fr_FR\" \/>\n<meta property=\"og:type\" content=\"article\" \/>\n<meta property=\"og:title\" content=\"Qui sommes-nous ? - Cit\u00e9m\u00f4mes\" \/>\n<meta property=\"og:description\" content=\"Cit\u00e9m\u00f4mes est une association culturelle d\u2019int\u00e9r\u00eat g\u00e9n\u00e9ral cr\u00e9\u00e9e en 2007. Nous intervenons au niveau local avec notre espace \u00e0 Rouen, lieu de vie de l\u2019association avec son espace d\u2019exposition et son offre d\u2019ateliers cr\u00e9atifs pour petits et grands. Un v\u00e9ritable laboratoire grandeur nature !\" \/>\n<meta property=\"og:url\" content=\"https:\/\/pro.citemomes.fr\/index.php\/qui-somme-nous\/\" \/>\n<meta property=\"og:site_name\" content=\"Cit\u00e9m\u00f4mes\" \/>\n<meta property=\"article:modified_time\" content=\"2022-09-07T10:40:32+00:00\" \/>\n<meta property=\"og:image\" content=\"https:\/\/pro.citemomes.fr\/wp-content\/uploads\/2021\/06\/QUISOMMESNOUS-Smile-3-1024x649.png\" \/>\n<meta name=\"twitter:card\" content=\"summary_large_image\" \/>\n<meta name=\"twitter:label1\" content=\"Dur\u00e9e de lecture estim\u00e9e\" \/>\n\t<meta name=\"twitter:data1\" content=\"4 minutes\" \/>\n<script type=\"application\/ld+json\" class=\"yoast-schema-graph\">{\"@context\":\"https:\/\/schema.org\",\"@graph\":[{\"@type\":\"WebPage\",\"@id\":\"https:\/\/pro.citemomes.fr\/index.php\/qui-somme-nous\/\",\"url\":\"https:\/\/pro.citemomes.fr\/index.php\/qui-somme-nous\/\",\"name\":\"Qui sommes-nous ? - Cit\u00e9m\u00f4mes\",\"isPartOf\":{\"@id\":\"https:\/\/pro.citemomes.fr\/#website\"},\"datePublished\":\"2021-02-19T08:39:26+00:00\",\"dateModified\":\"2022-09-07T10:40:32+00:00\",\"description\":\"Cit\u00e9m\u00f4mes est une association culturelle d\u2019int\u00e9r\u00eat g\u00e9n\u00e9ral cr\u00e9\u00e9e en 2007. Nous intervenons au niveau local avec notre espace \u00e0 Rouen, lieu de vie de l\u2019association avec son espace d\u2019exposition et son offre d\u2019ateliers cr\u00e9atifs pour petits et grands. Un v\u00e9ritable laboratoire grandeur nature !\",\"breadcrumb\":{\"@id\":\"https:\/\/pro.citemomes.fr\/index.php\/qui-somme-nous\/#breadcrumb\"},\"inLanguage\":\"fr-FR\",\"potentialAction\":[{\"@type\":\"ReadAction\",\"target\":[\"https:\/\/pro.citemomes.fr\/index.php\/qui-somme-nous\/\"]}]},{\"@type\":\"BreadcrumbList\",\"@id\":\"https:\/\/pro.citemomes.fr\/index.php\/qui-somme-nous\/#breadcrumb\",\"itemListElement\":[{\"@type\":\"ListItem\",\"position\":1,\"name\":\"Accueil\",\"item\":\"https:\/\/pro.citemomes.fr\/\"},{\"@type\":\"ListItem\",\"position\":2,\"name\":\"Qui sommes-nous ?\"}]},{\"@type\":\"WebSite\",\"@id\":\"https:\/\/pro.citemomes.fr\/#website\",\"url\":\"https:\/\/pro.citemomes.fr\/\",\"name\":\"Cit\u00e9m\u00f4mes\",\"description\":\"D\u00e9couvrir, cr\u00e9er, r\u00eaver\",\"publisher\":{\"@id\":\"https:\/\/pro.citemomes.fr\/#organization\"},\"potentialAction\":[{\"@type\":\"SearchAction\",\"target\":{\"@type\":\"EntryPoint\",\"urlTemplate\":\"https:\/\/pro.citemomes.fr\/?s={search_term_string}\"},\"query-input\":\"required name=search_term_string\"}],\"inLanguage\":\"fr-FR\"},{\"@type\":\"Organization\",\"@id\":\"https:\/\/pro.citemomes.fr\/#organization\",\"name\":\"Cit\u00e9m\u00f4mes\",\"url\":\"https:\/\/pro.citemomes.fr\/\",\"logo\":{\"@type\":\"ImageObject\",\"inLanguage\":\"fr-FR\",\"@id\":\"https:\/\/pro.citemomes.fr\/#\/schema\/logo\/image\/\",\"url\":\"https:\/\/pro.citemomes.fr\/wp-content\/uploads\/2021\/03\/cropped-Baniere-haut-definition-1.png\",\"contentUrl\":\"https:\/\/pro.citemomes.fr\/wp-content\/uploads\/2021\/03\/cropped-Baniere-haut-definition-1.png\",\"width\":518,\"height\":286,\"caption\":\"Cit\u00e9m\u00f4mes\"},\"image\":{\"@id\":\"https:\/\/pro.citemomes.fr\/#\/schema\/logo\/image\/\"}}]}<\/script>\n<!-- \/ Yoast SEO plugin. -->","yoast_head_json":{"title":"Qui sommes-nous ? - Cit\u00e9m\u00f4mes","description":"Cit\u00e9m\u00f4mes est une association culturelle d\u2019int\u00e9r\u00eat g\u00e9n\u00e9ral cr\u00e9\u00e9e en 2007. Nous intervenons au niveau local avec notre espace \u00e0 Rouen, lieu de vie de l\u2019association avec son espace d\u2019exposition et son offre d\u2019ateliers cr\u00e9atifs pour petits et grands. Un v\u00e9ritable laboratoire grandeur nature !","robots":{"index":"index","follow":"follow","max-snippet":"max-snippet:-1","max-image-preview":"max-image-preview:large","max-video-preview":"max-video-preview:-1"},"canonical":"https:\/\/pro.citemomes.fr\/index.php\/qui-somme-nous\/","og_locale":"fr_FR","og_type":"article","og_title":"Qui sommes-nous ? - Cit\u00e9m\u00f4mes","og_description":"Cit\u00e9m\u00f4mes est une association culturelle d\u2019int\u00e9r\u00eat g\u00e9n\u00e9ral cr\u00e9\u00e9e en 2007. Nous intervenons au niveau local avec notre espace \u00e0 Rouen, lieu de vie de l\u2019association avec son espace d\u2019exposition et son offre d\u2019ateliers cr\u00e9atifs pour petits et grands. Un v\u00e9ritable laboratoire grandeur nature !","og_url":"https:\/\/pro.citemomes.fr\/index.php\/qui-somme-nous\/","og_site_name":"Cit\u00e9m\u00f4mes","article_modified_time":"2022-09-07T10:40:32+00:00","og_image":[{"url":"https:\/\/pro.citemomes.fr\/wp-content\/uploads\/2021\/06\/QUISOMMESNOUS-Smile-3-1024x649.png"}],"twitter_card":"summary_large_image","twitter_misc":{"Dur\u00e9e de lecture estim\u00e9e":"4 minutes"},"schema":{"@context":"https:\/\/schema.org","@graph":[{"@type":"WebPage","@id":"https:\/\/pro.citemomes.fr\/index.php\/qui-somme-nous\/","url":"https:\/\/pro.citemomes.fr\/index.php\/qui-somme-nous\/","name":"Qui sommes-nous ? - Cit\u00e9m\u00f4mes","isPartOf":{"@id":"https:\/\/pro.citemomes.fr\/#website"},"datePublished":"2021-02-19T08:39:26+00:00","dateModified":"2022-09-07T10:40:32+00:00","description":"Cit\u00e9m\u00f4mes est une association culturelle d\u2019int\u00e9r\u00eat g\u00e9n\u00e9ral cr\u00e9\u00e9e en 2007. Nous intervenons au niveau local avec notre espace \u00e0 Rouen, lieu de vie de l\u2019association avec son espace d\u2019exposition et son offre d\u2019ateliers cr\u00e9atifs pour petits et grands. Un v\u00e9ritable laboratoire grandeur nature !","breadcrumb":{"@id":"https:\/\/pro.citemomes.fr\/index.php\/qui-somme-nous\/#breadcrumb"},"inLanguage":"fr-FR","potentialAction":[{"@type":"ReadAction","target":["https:\/\/pro.citemomes.fr\/index.php\/qui-somme-nous\/"]}]},{"@type":"BreadcrumbList","@id":"https:\/\/pro.citemomes.fr\/index.php\/qui-somme-nous\/#breadcrumb","itemListElement":[{"@type":"ListItem","position":1,"name":"Accueil","item":"https:\/\/pro.citemomes.fr\/"},{"@type":"ListItem","position":2,"name":"Qui sommes-nous ?"}]},{"@type":"WebSite","@id":"https:\/\/pro.citemomes.fr\/#website","url":"https:\/\/pro.citemomes.fr\/","name":"Cit\u00e9m\u00f4mes","description":"D\u00e9couvrir, cr\u00e9er, r\u00eaver","publisher":{"@id":"https:\/\/pro.citemomes.fr\/#organization"},"potentialAction":[{"@type":"SearchAction","target":{"@type":"EntryPoint","urlTemplate":"https:\/\/pro.citemomes.fr\/?s={search_term_string}"},"query-input":"required name=search_term_string"}],"inLanguage":"fr-FR"},{"@type":"Organization","@id":"https:\/\/pro.citemomes.fr\/#organization","name":"Cit\u00e9m\u00f4mes","url":"https:\/\/pro.citemomes.fr\/","logo":{"@type":"ImageObject","inLanguage":"fr-FR","@id":"https:\/\/pro.citemomes.fr\/#\/schema\/logo\/image\/","url":"https:\/\/pro.citemomes.fr\/wp-content\/uploads\/2021\/03\/cropped-Baniere-haut-definition-1.png","contentUrl":"https:\/\/pro.citemomes.fr\/wp-content\/uploads\/2021\/03\/cropped-Baniere-haut-definition-1.png","width":518,"height":286,"caption":"Cit\u00e9m\u00f4mes"},"image":{"@id":"https:\/\/pro.citemomes.fr\/#\/schema\/logo\/image\/"}}]}},"_links":{"self":[{"href":"https:\/\/pro.citemomes.fr\/index.php\/wp-json\/wp\/v2\/pages\/25"}],"collection":[{"href":"https:\/\/pro.citemomes.fr\/index.php\/wp-json\/wp\/v2\/pages"}],"about":[{"href":"https:\/\/pro.citemomes.fr\/index.php\/wp-json\/wp\/v2\/types\/page"}],"author":[{"embeddable":true,"href":"https:\/\/pro.citemomes.fr\/index.php\/wp-json\/wp\/v2\/users\/1"}],"replies":[{"embeddable":true,"href":"https:\/\/pro.citemomes.fr\/index.php\/wp-json\/wp\/v2\/comments?post=25"}],"version-history":[{"count":91,"href":"https:\/\/pro.citemomes.fr\/index.php\/wp-json\/wp\/v2\/pages\/25\/revisions"}],"predecessor-version":[{"id":2137,"href":"https:\/\/pro.citemomes.fr\/index.php\/wp-json\/wp\/v2\/pages\/25\/revisions\/2137"}],"wp:attachment":[{"href":"https:\/\/pro.citemomes.fr\/index.php\/wp-json\/wp\/v2\/media?parent=25"}],"curies":[{"name":"wp","href":"https:\/\/api.w.org\/{rel}","templated":true}]}}