{"id":21,"date":"2021-02-19T09:34:29","date_gmt":"2021-02-19T08:34:29","guid":{"rendered":"http:\/\/pro.citemomes.fr\/?page_id=21"},"modified":"2021-03-05T17:14:06","modified_gmt":"2021-03-05T16:14:06","slug":"lasso","status":"publish","type":"page","link":"https:\/\/pro.citemomes.fr\/index.php\/lasso\/","title":{"rendered":"L&rsquo;asso"},"content":{"rendered":"","protected":false},"excerpt":{"rendered":"","protected":false},"author":1,"featured_media":0,"parent":0,"menu_order":0,"comment_status":"closed","ping_status":"closed","template":"templates\/full-width-page.php","meta":[],"yoast_head":"<!-- This site is optimized with the Yoast SEO plugin v21.1 - https:\/\/yoast.com\/wordpress\/plugins\/seo\/ -->\n<title>L&#039;asso - Cit\u00e9m\u00f4mes<\/title>\n<meta name=\"robots\" content=\"index, follow, max-snippet:-1, max-image-preview:large, max-video-preview:-1\" \/>\n<link rel=\"canonical\" href=\"https:\/\/pro.citemomes.fr\/index.php\/lasso\/\" \/>\n<meta property=\"og:locale\" content=\"fr_FR\" \/>\n<meta property=\"og:type\" content=\"article\" \/>\n<meta property=\"og:title\" content=\"L&#039;asso - Cit\u00e9m\u00f4mes\" \/>\n<meta property=\"og:url\" content=\"https:\/\/pro.citemomes.fr\/index.php\/lasso\/\" \/>\n<meta property=\"og:site_name\" content=\"Cit\u00e9m\u00f4mes\" \/>\n<meta property=\"article:modified_time\" content=\"2021-03-05T16:14:06+00:00\" \/>\n<meta name=\"twitter:card\" content=\"summary_large_image\" \/>\n<script type=\"application\/ld+json\" class=\"yoast-schema-graph\">{\"@context\":\"https:\/\/schema.org\",\"@graph\":[{\"@type\":\"WebPage\",\"@id\":\"https:\/\/pro.citemomes.fr\/index.php\/lasso\/\",\"url\":\"https:\/\/pro.citemomes.fr\/index.php\/lasso\/\",\"name\":\"L'asso - Cit\u00e9m\u00f4mes\",\"isPartOf\":{\"@id\":\"https:\/\/pro.citemomes.fr\/#website\"},\"datePublished\":\"2021-02-19T08:34:29+00:00\",\"dateModified\":\"2021-03-05T16:14:06+00:00\",\"breadcrumb\":{\"@id\":\"https:\/\/pro.citemomes.fr\/index.php\/lasso\/#breadcrumb\"},\"inLanguage\":\"fr-FR\",\"potentialAction\":[{\"@type\":\"ReadAction\",\"target\":[\"https:\/\/pro.citemomes.fr\/index.php\/lasso\/\"]}]},{\"@type\":\"BreadcrumbList\",\"@id\":\"https:\/\/pro.citemomes.fr\/index.php\/lasso\/#breadcrumb\",\"itemListElement\":[{\"@type\":\"ListItem\",\"position\":1,\"name\":\"Accueil\",\"item\":\"https:\/\/pro.citemomes.fr\/\"},{\"@type\":\"ListItem\",\"position\":2,\"name\":\"L&rsquo;asso\"}]},{\"@type\":\"WebSite\",\"@id\":\"https:\/\/pro.citemomes.fr\/#website\",\"url\":\"https:\/\/pro.citemomes.fr\/\",\"name\":\"Cit\u00e9m\u00f4mes\",\"description\":\"D\u00e9couvrir, cr\u00e9er, r\u00eaver\",\"publisher\":{\"@id\":\"https:\/\/pro.citemomes.fr\/#organization\"},\"potentialAction\":[{\"@type\":\"SearchAction\",\"target\":{\"@type\":\"EntryPoint\",\"urlTemplate\":\"https:\/\/pro.citemomes.fr\/?s={search_term_string}\"},\"query-input\":\"required name=search_term_string\"}],\"inLanguage\":\"fr-FR\"},{\"@type\":\"Organization\",\"@id\":\"https:\/\/pro.citemomes.fr\/#organization\",\"name\":\"Cit\u00e9m\u00f4mes\",\"url\":\"https:\/\/pro.citemomes.fr\/\",\"logo\":{\"@type\":\"ImageObject\",\"inLanguage\":\"fr-FR\",\"@id\":\"https:\/\/pro.citemomes.fr\/#\/schema\/logo\/image\/\",\"url\":\"https:\/\/pro.citemomes.fr\/wp-content\/uploads\/2021\/03\/cropped-Baniere-haut-definition-1.png\",\"contentUrl\":\"https:\/\/pro.citemomes.fr\/wp-content\/uploads\/2021\/03\/cropped-Baniere-haut-definition-1.png\",\"width\":518,\"height\":286,\"caption\":\"Cit\u00e9m\u00f4mes\"},\"image\":{\"@id\":\"https:\/\/pro.citemomes.fr\/#\/schema\/logo\/image\/\"}}]}<\/script>\n<!-- \/ Yoast SEO plugin. -->","yoast_head_json":{"title":"L'asso - Cit\u00e9m\u00f4mes","robots":{"index":"index","follow":"follow","max-snippet":"max-snippet:-1","max-image-preview":"max-image-preview:large","max-video-preview":"max-video-preview:-1"},"canonical":"https:\/\/pro.citemomes.fr\/index.php\/lasso\/","og_locale":"fr_FR","og_type":"article","og_title":"L'asso - Cit\u00e9m\u00f4mes","og_url":"https:\/\/pro.citemomes.fr\/index.php\/lasso\/","og_site_name":"Cit\u00e9m\u00f4mes","article_modified_time":"2021-03-05T16:14:06+00:00","twitter_card":"summary_large_image","schema":{"@context":"https:\/\/schema.org","@graph":[{"@type":"WebPage","@id":"https:\/\/pro.citemomes.fr\/index.php\/lasso\/","url":"https:\/\/pro.citemomes.fr\/index.php\/lasso\/","name":"L'asso - Cit\u00e9m\u00f4mes","isPartOf":{"@id":"https:\/\/pro.citemomes.fr\/#website"},"datePublished":"2021-02-19T08:34:29+00:00","dateModified":"2021-03-05T16:14:06+00:00","breadcrumb":{"@id":"https:\/\/pro.citemomes.fr\/index.php\/lasso\/#breadcrumb"},"inLanguage":"fr-FR","potentialAction":[{"@type":"ReadAction","target":["https:\/\/pro.citemomes.fr\/index.php\/lasso\/"]}]},{"@type":"BreadcrumbList","@id":"https:\/\/pro.citemomes.fr\/index.php\/lasso\/#breadcrumb","itemListElement":[{"@type":"ListItem","position":1,"name":"Accueil","item":"https:\/\/pro.citemomes.fr\/"},{"@type":"ListItem","position":2,"name":"L&rsquo;asso"}]},{"@type":"WebSite","@id":"https:\/\/pro.citemomes.fr\/#website","url":"https:\/\/pro.citemomes.fr\/","name":"Cit\u00e9m\u00f4mes","description":"D\u00e9couvrir, cr\u00e9er, r\u00eaver","publisher":{"@id":"https:\/\/pro.citemomes.fr\/#organization"},"potentialAction":[{"@type":"SearchAction","target":{"@type":"EntryPoint","urlTemplate":"https:\/\/pro.citemomes.fr\/?s={search_term_string}"},"query-input":"required name=search_term_string"}],"inLanguage":"fr-FR"},{"@type":"Organization","@id":"https:\/\/pro.citemomes.fr\/#organization","name":"Cit\u00e9m\u00f4mes","url":"https:\/\/pro.citemomes.fr\/","logo":{"@type":"ImageObject","inLanguage":"fr-FR","@id":"https:\/\/pro.citemomes.fr\/#\/schema\/logo\/image\/","url":"https:\/\/pro.citemomes.fr\/wp-content\/uploads\/2021\/03\/cropped-Baniere-haut-definition-1.png","contentUrl":"https:\/\/pro.citemomes.fr\/wp-content\/uploads\/2021\/03\/cropped-Baniere-haut-definition-1.png","width":518,"height":286,"caption":"Cit\u00e9m\u00f4mes"},"image":{"@id":"https:\/\/pro.citemomes.fr\/#\/schema\/logo\/image\/"}}]}},"_links":{"self":[{"href":"https:\/\/pro.citemomes.fr\/index.php\/wp-json\/wp\/v2\/pages\/21"}],"collection":[{"href":"https:\/\/pro.citemomes.fr\/index.php\/wp-json\/wp\/v2\/pages"}],"about":[{"href":"https:\/\/pro.citemomes.fr\/index.php\/wp-json\/wp\/v2\/types\/page"}],"author":[{"embeddable":true,"href":"https:\/\/pro.citemomes.fr\/index.php\/wp-json\/wp\/v2\/users\/1"}],"replies":[{"embeddable":true,"href":"https:\/\/pro.citemomes.fr\/index.php\/wp-json\/wp\/v2\/comments?post=21"}],"version-history":[{"count":1,"href":"https:\/\/pro.citemomes.fr\/index.php\/wp-json\/wp\/v2\/pages\/21\/revisions"}],"predecessor-version":[{"id":22,"href":"https:\/\/pro.citemomes.fr\/index.php\/wp-json\/wp\/v2\/pages\/21\/revisions\/22"}],"wp:attachment":[{"href":"https:\/\/pro.citemomes.fr\/index.php\/wp-json\/wp\/v2\/media?parent=21"}],"curies":[{"name":"wp","href":"https:\/\/api.w.org\/{rel}","templated":true}]}}